{"id":4493,"date":"2024-08-23T09:49:09","date_gmt":"2024-08-23T09:49:09","guid":{"rendered":"https:\/\/petalane.ch\/panier\/"},"modified":"2025-01-29T17:15:28","modified_gmt":"2025-01-29T17:15:28","slug":"panier","status":"publish","type":"page","link":"https:\/\/petalane.ch\/fr\/panier\/","title":{"rendered":"Panier"},"content":{"rendered":"\n<div data-block-name=\"woocommerce\/cart\" class=\"wp-block-woocommerce-cart alignwide is-loading\">\n<div data-block-name=\"woocommerce\/filled-cart-block\" class=\"wp-block-woocommerce-filled-cart-block\">\n<div data-block-name=\"woocommerce\/cart-items-block\" class=\"wp-block-woocommerce-cart-items-block\">\n<div data-block-name=\"woocommerce\/cart-line-items-block\" class=\"wp-block-woocommerce-cart-line-items-block\"><\/div>\n\n\n\n<div data-block-name=\"woocommerce\/cart-cross-sells-block\" class=\"wp-block-woocommerce-cart-cross-sells-block\">\n<h2 class=\"wp-block-heading has-large-font-size\">Vous pourriez \u00eatre int\u00e9ress\u00e9 par\u2026<\/h2>\n\n\n\n<div data-block-name=\"woocommerce\/cart-cross-sells-products-block\" class=\"wp-block-woocommerce-cart-cross-sells-products-block\"><\/div>\n<\/div>\n<\/div>\n\n\n\n<div data-block-name=\"woocommerce\/cart-totals-block\" class=\"wp-block-woocommerce-cart-totals-block\">\n<div data-block-name=\"woocommerce\/cart-order-summary-block\" class=\"wp-block-woocommerce-cart-order-summary-block\">\n<div data-block-name=\"woocommerce\/cart-order-summary-heading-block\" class=\"wp-block-woocommerce-cart-order-summary-heading-block\"><\/div><div data-block-name=\"woocommerce\/cart-order-summary-coupon-form-block\" class=\"wp-block-woocommerce-cart-order-summary-coupon-form-block\"><\/div><div data-block-name=\"woocommerce\/cart-order-summary-totals-block\" class=\"wp-block-woocommerce-cart-order-summary-totals-block\">\n<div data-block-name=\"woocommerce\/cart-order-summary-subtotal-block\" class=\"wp-block-woocommerce-cart-order-summary-subtotal-block\"><\/div>\n<div data-block-name=\"woocommerce\/cart-order-summary-discount-block\" class=\"wp-block-woocommerce-cart-order-summary-discount-block\"><\/div>\n<div data-block-name=\"woocommerce\/cart-order-summary-fee-block\" class=\"wp-block-woocommerce-cart-order-summary-fee-block\"><\/div>\n<div data-block-name=\"woocommerce\/cart-order-summary-shipping-block\" class=\"wp-block-woocommerce-cart-order-summary-shipping-block\"><\/div>\n<div data-block-name=\"woocommerce\/cart-order-summary-taxes-block\" class=\"wp-block-woocommerce-cart-order-summary-taxes-block\"><\/div><\/div>\n<\/div>\n\n\n\n<div data-block-name=\"woocommerce\/cart-express-payment-block\" class=\"wp-block-woocommerce-cart-express-payment-block\"><\/div>\n\n\n\n<div data-block-name=\"woocommerce\/proceed-to-checkout-block\" class=\"wp-block-woocommerce-proceed-to-checkout-block\"><\/div>\n\n\n\n<div data-block-name=\"woocommerce\/cart-accepted-payment-methods-block\" class=\"wp-block-woocommerce-cart-accepted-payment-methods-block\"><\/div>\n<\/div>\n<\/div>\n\n\n\n<div data-block-name=\"woocommerce\/empty-cart-block\" class=\"wp-block-woocommerce-empty-cart-block\">\n<h2 class=\"wp-block-heading has-text-align-center with-empty-cart-icon wc-block-cart__empty-cart__title\">Votre panier est actuellement vide!<\/h2>\n\n\n\n<hr class=\"wp-block-separator has-alpha-channel-opacity is-style-dots\"\/>\n\n\n\n<h2 class=\"wp-block-heading has-text-align-center\">Nouveau en magasin<\/h2>\n\n\n<div data-block-name=\"woocommerce\/product-new\" data-columns=\"4\" data-rows=\"1\" class=\"wc-block-grid wp-block-product-new wp-block-woocommerce-product-new wc-block-product-new has-4-columns\"><ul class=\"wc-block-grid__products\"><li class=\"wc-block-grid__product\">\n\t\t\t\t<a href=\"https:\/\/petalane.ch\/fr\/produkt\/slip-ivy-essential-trio-3-couleurs\/\" class=\"wc-block-grid__product-link\">\n\t\t\t\t\t\n\t\t\t\t\t<div class=\"wc-block-grid__product-image\"><img loading=\"lazy\" decoding=\"async\" width=\"450\" height=\"450\" src=\"https:\/\/petalane.ch\/wp-content\/uploads\/2026\/03\/ivy-ptln012-box-sets-mood-new-450x450.jpg\" class=\"attachment-woocommerce_thumbnail size-woocommerce_thumbnail\" alt=\"Petalane Slips Ivy Bo\u00eete de 3 S\u00e9lection Mood New\" srcset=\"https:\/\/petalane.ch\/wp-content\/uploads\/2026\/03\/ivy-ptln012-box-sets-mood-new-450x450.jpg 450w, https:\/\/petalane.ch\/wp-content\/uploads\/2026\/03\/ivy-ptln012-box-sets-mood-new-300x300.jpg 300w, https:\/\/petalane.ch\/wp-content\/uploads\/2026\/03\/ivy-ptln012-box-sets-mood-new-150x150.jpg 150w, https:\/\/petalane.ch\/wp-content\/uploads\/2026\/03\/ivy-ptln012-box-sets-mood-new-768x768.jpg 768w, https:\/\/petalane.ch\/wp-content\/uploads\/2026\/03\/ivy-ptln012-box-sets-mood-new-900x900.jpg 900w, https:\/\/petalane.ch\/wp-content\/uploads\/2026\/03\/ivy-ptln012-box-sets-mood-new-100x100.jpg 100w, https:\/\/petalane.ch\/wp-content\/uploads\/2026\/03\/ivy-ptln012-box-sets-mood-new-50x50.jpg 50w, https:\/\/petalane.ch\/wp-content\/uploads\/2026\/03\/ivy-ptln012-box-sets-mood-new.jpg 1000w\" sizes=\"auto, (max-width: 450px) 100vw, 450px\" \/><\/div>\n\t\t\t\t\t<div class=\"wc-block-grid__product-title\">Slip \u00ab\u00a0Ivy\u00a0\u00bb Essential Trio &#8211; 3 couleurs<\/div>\n\t\t\t\t<\/a>\n\t\t\t\t<div class=\"wc-block-grid__product-price price\"><span class=\"woocommerce-Price-amount amount\"><span class=\"woocommerce-Price-currencySymbol\">&#036;<\/span>30.63<\/span><\/div>\n\t\t\t\t\n\t\t\t\t<div class=\"wp-block-button wc-block-grid__product-add-to-cart\"><a href=\"https:\/\/petalane.ch\/fr\/produkt\/slip-ivy-essential-trio-3-couleurs\/\" aria-label=\"S\u00e9lectionner les options pour &ldquo;Slip &quot;Ivy&quot; Essential Trio - 3 couleurs&rdquo;\" data-quantity=\"1\" data-product_id=\"15890\" data-product_sku=\"PTLN-012\" data-price=\"30.63\" rel=\"nofollow\" class=\"wp-block-button__link  add_to_cart_button\">Choix des options<\/a><\/div>\n\t\t\t<\/li><li class=\"wc-block-grid__product\">\n\t\t\t\t<a href=\"https:\/\/petalane.ch\/fr\/produkt\/soutien-gorge-manches-longues-camellia-noir\/\" class=\"wc-block-grid__product-link\">\n\t\t\t\t\t\n\t\t\t\t\t<div class=\"wc-block-grid__product-image\"><img loading=\"lazy\" decoding=\"async\" width=\"450\" height=\"450\" src=\"https:\/\/petalane.ch\/wp-content\/uploads\/2026\/01\/Camellia-ptln011-black-450x450.jpg\" class=\"attachment-woocommerce_thumbnail size-woocommerce_thumbnail\" alt=\"petalane Camellia Shirt black\" srcset=\"https:\/\/petalane.ch\/wp-content\/uploads\/2026\/01\/Camellia-ptln011-black-450x450.jpg 450w, https:\/\/petalane.ch\/wp-content\/uploads\/2026\/01\/Camellia-ptln011-black-300x300.jpg 300w, https:\/\/petalane.ch\/wp-content\/uploads\/2026\/01\/Camellia-ptln011-black-150x150.jpg 150w, https:\/\/petalane.ch\/wp-content\/uploads\/2026\/01\/Camellia-ptln011-black-768x768.jpg 768w, https:\/\/petalane.ch\/wp-content\/uploads\/2026\/01\/Camellia-ptln011-black-900x900.jpg 900w, https:\/\/petalane.ch\/wp-content\/uploads\/2026\/01\/Camellia-ptln011-black-100x100.jpg 100w, https:\/\/petalane.ch\/wp-content\/uploads\/2026\/01\/Camellia-ptln011-black-50x50.jpg 50w, https:\/\/petalane.ch\/wp-content\/uploads\/2026\/01\/Camellia-ptln011-black.jpg 1000w\" sizes=\"auto, (max-width: 450px) 100vw, 450px\" \/><\/div>\n\t\t\t\t\t<div class=\"wc-block-grid__product-title\">Soutien-gorge manches longues \u00ab\u00a0Camellia\u00a0\u00bb &#8211; noir<\/div>\n\t\t\t\t<\/a>\n\t\t\t\t<div class=\"wc-block-grid__product-price price\"><span class=\"woocommerce-Price-amount amount\"><span class=\"woocommerce-Price-currencySymbol\">&#036;<\/span>52.77<\/span><\/div>\n\t\t\t\t\n\t\t\t\t<div class=\"wp-block-button wc-block-grid__product-add-to-cart\"><a href=\"https:\/\/petalane.ch\/fr\/produkt\/soutien-gorge-manches-longues-camellia-noir\/\" aria-label=\"S\u00e9lectionner les options pour &ldquo;Soutien-gorge manches longues &quot;Camellia&quot; - noir&rdquo;\" data-quantity=\"1\" data-product_id=\"14463\" data-product_sku=\"PTLN-011\" data-price=\"50.8\" rel=\"nofollow\" class=\"wp-block-button__link  add_to_cart_button\">Choix des options<\/a><\/div>\n\t\t\t<\/li><li class=\"wc-block-grid__product\">\n\t\t\t\t<a href=\"https:\/\/petalane.ch\/fr\/produkt\/ensemble-soutien-gorge-en-dentelle-rosalia-rose\/\" class=\"wc-block-grid__product-link\">\n\t\t\t\t\t\n\t\t\t\t\t<div class=\"wc-block-grid__product-image\"><img loading=\"lazy\" decoding=\"async\" width=\"450\" height=\"450\" src=\"https:\/\/petalane.ch\/wp-content\/uploads\/2025\/10\/rosalia-ptln010-rosa-450x450.jpg\" class=\"attachment-woocommerce_thumbnail size-woocommerce_thumbnail\" alt=\"Petalane Set Rosalia en rose\" srcset=\"https:\/\/petalane.ch\/wp-content\/uploads\/2025\/10\/rosalia-ptln010-rosa-450x450.jpg 450w, https:\/\/petalane.ch\/wp-content\/uploads\/2025\/10\/rosalia-ptln010-rosa-300x300.jpg 300w, https:\/\/petalane.ch\/wp-content\/uploads\/2025\/10\/rosalia-ptln010-rosa-150x150.jpg 150w, https:\/\/petalane.ch\/wp-content\/uploads\/2025\/10\/rosalia-ptln010-rosa-768x768.jpg 768w, https:\/\/petalane.ch\/wp-content\/uploads\/2025\/10\/rosalia-ptln010-rosa-900x900.jpg 900w, https:\/\/petalane.ch\/wp-content\/uploads\/2025\/10\/rosalia-ptln010-rosa-100x100.jpg 100w, https:\/\/petalane.ch\/wp-content\/uploads\/2025\/10\/rosalia-ptln010-rosa-50x50.jpg 50w, https:\/\/petalane.ch\/wp-content\/uploads\/2025\/10\/rosalia-ptln010-rosa.jpg 1000w\" sizes=\"auto, (max-width: 450px) 100vw, 450px\" \/><\/div>\n\t\t\t\t\t<div class=\"wc-block-grid__product-title\">Ensemble soutien-gorge en dentelle \u00ab\u00a0Rosalia\u00a0\u00bb &#8211; rose<\/div>\n\t\t\t\t<\/a>\n\t\t\t\t<div class=\"wc-block-grid__product-price price\"><span class=\"woocommerce-Price-amount amount\"><span class=\"woocommerce-Price-currencySymbol\">&#036;<\/span>59.66<\/span><\/div>\n\t\t\t\t\n\t\t\t\t<div class=\"wp-block-button wc-block-grid__product-add-to-cart\"><a href=\"https:\/\/petalane.ch\/fr\/produkt\/ensemble-soutien-gorge-en-dentelle-rosalia-rose\/\" aria-label=\"S\u00e9lectionner les options pour &ldquo;Ensemble soutien-gorge en dentelle &quot;Rosalia&quot; - rose&rdquo;\" data-quantity=\"1\" data-product_id=\"13517\" data-product_sku=\"PTLN-010\" data-price=\"59.66\" rel=\"nofollow\" class=\"wp-block-button__link  add_to_cart_button\">Choix des options<\/a><\/div>\n\t\t\t<\/li><li class=\"wc-block-grid__product\">\n\t\t\t\t<a href=\"https:\/\/petalane.ch\/fr\/produkt\/soutien-gorge-fleur-beige\/\" class=\"wc-block-grid__product-link\">\n\t\t\t\t\t\n\t\t\t\t\t<div class=\"wc-block-grid__product-image\"><img loading=\"lazy\" decoding=\"async\" width=\"450\" height=\"450\" src=\"https:\/\/petalane.ch\/wp-content\/uploads\/2025\/12\/Fleur_vorne_all_beige-FS-450x450.jpg\" class=\"attachment-woocommerce_thumbnail size-woocommerce_thumbnail\" alt=\"Petalane BH Fleur in beige vorne\" srcset=\"https:\/\/petalane.ch\/wp-content\/uploads\/2025\/12\/Fleur_vorne_all_beige-FS-450x450.jpg 450w, https:\/\/petalane.ch\/wp-content\/uploads\/2025\/12\/Fleur_vorne_all_beige-FS-300x300.jpg 300w, https:\/\/petalane.ch\/wp-content\/uploads\/2025\/12\/Fleur_vorne_all_beige-FS-150x150.jpg 150w, https:\/\/petalane.ch\/wp-content\/uploads\/2025\/12\/Fleur_vorne_all_beige-FS-768x768.jpg 768w, https:\/\/petalane.ch\/wp-content\/uploads\/2025\/12\/Fleur_vorne_all_beige-FS-900x900.jpg 900w, https:\/\/petalane.ch\/wp-content\/uploads\/2025\/12\/Fleur_vorne_all_beige-FS-100x100.jpg 100w, https:\/\/petalane.ch\/wp-content\/uploads\/2025\/12\/Fleur_vorne_all_beige-FS-50x50.jpg 50w, https:\/\/petalane.ch\/wp-content\/uploads\/2025\/12\/Fleur_vorne_all_beige-FS.jpg 1000w\" sizes=\"auto, (max-width: 450px) 100vw, 450px\" \/><\/div>\n\t\t\t\t\t<div class=\"wc-block-grid__product-title\">Soutien-gorge \u00ab\u00a0Fleur\u00a0\u00bb &#8211; 2 couleurs<\/div>\n\t\t\t\t<\/a>\n\t\t\t\t<div class=\"wc-block-grid__product-price price\"><span class=\"woocommerce-Price-amount amount\"><span class=\"woocommerce-Price-currencySymbol\">&#036;<\/span>49.08<\/span><\/div>\n\t\t\t\t\n\t\t\t\t<div class=\"wp-block-button wc-block-grid__product-add-to-cart\"><a href=\"https:\/\/petalane.ch\/fr\/produkt\/soutien-gorge-fleur-beige\/\" aria-label=\"S\u00e9lectionner les options pour &ldquo;Soutien-gorge &quot;Fleur&quot; - 2 couleurs&rdquo;\" data-quantity=\"1\" data-product_id=\"11899\" data-product_sku=\"PTLN-009\" data-price=\"49.08\" rel=\"nofollow\" class=\"wp-block-button__link  add_to_cart_button\">Choix des options<\/a><\/div>\n\t\t\t<\/li><\/ul><\/div><\/div>\n<\/div>\n","protected":false},"excerpt":{"rendered":"Vous pourriez \u00eatre int\u00e9ress\u00e9 par\u2026 Votre panier est actuellement vide! Nouveau en magasin","protected":false},"author":1,"featured_media":0,"parent":0,"menu_order":0,"comment_status":"closed","ping_status":"closed","template":"","meta":{"footnotes":""},"class_list":["post-4493","page","type-page","status-publish","hentry"],"aioseo_notices":[],"_links":{"self":[{"href":"https:\/\/petalane.ch\/fr\/wp-json\/wp\/v2\/pages\/4493","targetHints":{"allow":["GET"]}}],"collection":[{"href":"https:\/\/petalane.ch\/fr\/wp-json\/wp\/v2\/pages"}],"about":[{"href":"https:\/\/petalane.ch\/fr\/wp-json\/wp\/v2\/types\/page"}],"author":[{"embeddable":true,"href":"https:\/\/petalane.ch\/fr\/wp-json\/wp\/v2\/users\/1"}],"replies":[{"embeddable":true,"href":"https:\/\/petalane.ch\/fr\/wp-json\/wp\/v2\/comments?post=4493"}],"version-history":[{"count":0,"href":"https:\/\/petalane.ch\/fr\/wp-json\/wp\/v2\/pages\/4493\/revisions"}],"wp:attachment":[{"href":"https:\/\/petalane.ch\/fr\/wp-json\/wp\/v2\/media?parent=4493"}],"curies":[{"name":"wp","href":"https:\/\/api.w.org\/{rel}","templated":true}]}}