{"id":5373,"date":"2019-03-17T17:10:04","date_gmt":"2019-03-17T17:10:04","guid":{"rendered":"https:\/\/petalane.ch\/tableau-general-des-tailles\/"},"modified":"2025-02-27T10:46:38","modified_gmt":"2025-02-27T10:46:38","slug":"tableau-general-des-tailles","status":"publish","type":"page","link":"https:\/\/petalane.ch\/fr\/tableau-general-des-tailles\/","title":{"rendered":"Tableau g\u00e9n\u00e9ral des tailles"},"content":{"rendered":"\n<h4 class=\"wp-block-heading has-text-align-center\"><\/h4>\n\n<p class=\"has-text-align-center has-medium-font-size\">  Tableau des tailles de soutien-gorge<\/p>\n\n<figure class=\"wp-block-table is-style-stripes size-guide\"><table><thead><tr><th>UE<\/th><th>UK<\/th><th>US<\/th><th>AU<\/th><\/tr><\/thead><tbody><tr><td>70A<\/td><td>32A<\/td><td>34A<\/td><td>10A<\/td><\/tr><tr><td>70B<\/td><td>32B<\/td><td>34B<\/td><td>10B<\/td><\/tr><tr><td>70C<\/td><td>32C<\/td><td>34C<\/td><td>10C<\/td><\/tr><tr><td>70D<\/td><td>32D<\/td><td>34D<\/td><td>10D<\/td><\/tr><tr><td>75A<\/td><td>32A<\/td><td>36A<\/td><td>12A<\/td><\/tr><tr><td>75B<\/td><td>34B<\/td><td>36B<\/td><td>12B<\/td><\/tr><tr><td>75C<\/td><td>34C<\/td><td>36C<\/td><td>12C<\/td><\/tr><tr><td>75D<\/td><td>34D<\/td><td>36D<\/td><td>12D<\/td><\/tr><tr><td>80A<\/td><td>36A<\/td><td>38A<\/td><td>14A<\/td><\/tr><tr><td>80B<\/td><td>36B<\/td><td>38B<\/td><td>14B<\/td><\/tr><tr><td>80C<\/td><td>36C<\/td><td>38C<\/td><td>14C<\/td><\/tr><tr><td>80D<\/td><td>36D<\/td><td>38D<\/td><td>14D<\/td><\/tr><tr><td>85A<\/td><td>38A<\/td><td>40A<\/td><td>16A<\/td><\/tr><tr><td>85B<\/td><td>38B<\/td><td>40B<\/td><td>16B<\/td><\/tr><tr><td>85C<\/td><td>38C<\/td><td>40C<\/td><td>16C<\/td><\/tr><tr><td>85D<\/td><td>38D<\/td><td>40D<\/td><td>16D<\/td><\/tr><\/tbody><\/table><\/figure>\n\n<p><\/p>\n\n<p><\/p>\n\n<h3 class=\"wp-block-heading\"><\/h3>\n\n<p class=\"has-medium-font-size\"><strong>Comment mesurer &#8211; Soutiens-gorge  <\/strong><\/p>\n\n<ol class=\"wp-block-list\">\n<li><strong>Taille de la bande (sous la poitrine)<\/strong>:\n<ul class=\"wp-block-list\">\n<li>Enroulez le m\u00e8tre ruban \u00e9troitement autour de votre poitrine, juste en dessous de votre poitrine.<\/li>\n\n\n\n<li>Assurez-vous que la bande est plane et parall\u00e8le au sol.<\/li>\n\n\n\n<li>Prenez la mesure en pouces ou en centim\u00e8tres et arrondissez au nombre entier le plus proche.\nIl s&rsquo;agit de votre taille de bande. <\/li>\n<\/ul>\n<\/li>\n\n\n\n<li><strong>Taille de la poitrine (overbooth)<\/strong>:\n<ul class=\"wp-block-list\">\n<li>Mesurez autour de la partie la plus pleine de votre poitrine, en pla\u00e7ant le m\u00e8tre \u00e0 ruban \u00e0 la m\u00eame hauteur dans votre dos et autour de votre poitrine.<\/li>\n\n\n\n<li>Ne serrez pas trop le ruban et ne le laissez pas s&rsquo;affaisser.<\/li>\n\n\n\n<li>La diff\u00e9rence entre votre taille de bande et la mesure de votre poitrine vous aidera \u00e0 d\u00e9terminer votre taille de bonnet.<\/li>\n<\/ul>\n<\/li>\n<\/ol>\n\n<p>Conseil : mesurez-vous avec un soutien-gorge non rembourr\u00e9 pour des r\u00e9sultats plus pr\u00e9cis.<\/p>\n\n<p><\/p>\n","protected":false},"excerpt":{"rendered":"<p>Tableau des tailles de soutien-gorge UE UK US AU 70A 32A 34A 10A 70B 32B 34B 10B 70C 32C 34C 10C 70D 32D 34D 10D 75A 32A 36A 12A 75B 34B 36B 12B 75C 34C 36C 12C 75D 34D 36D 12D 80A 36A 38A 14A 80B 36B 38B 14B 80C [&hellip;]<\/p>\n","protected":false},"author":1,"featured_media":0,"parent":0,"menu_order":0,"comment_status":"closed","ping_status":"closed","template":"","meta":{"footnotes":""},"class_list":["post-5373","page","type-page","status-publish","hentry"],"aioseo_notices":[],"_links":{"self":[{"href":"https:\/\/petalane.ch\/fr\/wp-json\/wp\/v2\/pages\/5373","targetHints":{"allow":["GET"]}}],"collection":[{"href":"https:\/\/petalane.ch\/fr\/wp-json\/wp\/v2\/pages"}],"about":[{"href":"https:\/\/petalane.ch\/fr\/wp-json\/wp\/v2\/types\/page"}],"author":[{"embeddable":true,"href":"https:\/\/petalane.ch\/fr\/wp-json\/wp\/v2\/users\/1"}],"replies":[{"embeddable":true,"href":"https:\/\/petalane.ch\/fr\/wp-json\/wp\/v2\/comments?post=5373"}],"version-history":[{"count":0,"href":"https:\/\/petalane.ch\/fr\/wp-json\/wp\/v2\/pages\/5373\/revisions"}],"wp:attachment":[{"href":"https:\/\/petalane.ch\/fr\/wp-json\/wp\/v2\/media?parent=5373"}],"curies":[{"name":"wp","href":"https:\/\/api.w.org\/{rel}","templated":true}]}}