{"id":5401,"date":"2019-04-18T01:57:00","date_gmt":"2019-04-17T23:57:00","guid":{"rendered":"https:\/\/petalane.ch\/decouvre-la-beaute-florale\/"},"modified":"2025-08-30T13:50:32","modified_gmt":"2025-08-30T11:50:32","slug":"decouvre-la-beaute-florale","status":"publish","type":"page","link":"https:\/\/petalane.ch\/fr\/decouvre-la-beaute-florale\/","title":{"rendered":"D\u00e9couvre la beaut\u00e9 florale"},"content":{"rendered":"<div class=\"wpb-content-wrapper\">[vc_row css=\u00a0\u00bb.vc_custom_1573104160543{padding-top: 40px !important;}\u00a0\u00bb][vc_column][vc_column_text css=\u00a0\u00bb\u00a0\u00bb]\n<h5>Petal Gallery<\/h5>\n<h1>D\u00e9couvre la beaut\u00e9 florale<\/h1>\n[\/vc_column_text][\/vc_column][\/vc_row][vc_row content_placement=\u00a0\u00bbmiddle\u00a0\u00bb][vc_column et_column_color=\u00a0\u00bbet-light-column\u00a0\u00bb width=\u00a0\u00bb1\/5&Prime;][vc_hoverbox image=\u00a0\u00bb6765&Prime; primary_title=\u00a0\u00bbCalla\u00a0\u00bb hover_title=\u00a0\u00bbCalla\u00a0\u00bb hover_background_color=\u00a0\u00bbcustom\u00a0\u00bb hover_btn_title=\u00a0\u00bbD\u00e9couvrir\u00a0\u00bb hover_btn_color=\u00a0\u00bbwhite\u00a0\u00bb hover_add_button=\u00a0\u00bbtrue\u00a0\u00bb hover_custom_background=\u00a0\u00bb#686464&Prime; hover_btn_link=\u00a0\u00bburl:https%3A%2F%2Fpetalane.ch%2Ffr%2Fpetal-galerie%2F|title:Petal%20Gallery|\u00a0\u00bb]Un soutien-gorge confortable, sp\u00e9cialement con\u00e7u pour les poitrines petites \u00e0 moyennes, qui sculpte une silhouette naturelle. Soutien-gorge pour \u00ab\u00a0tous les jours\u00a0\u00bb ![\/vc_hoverbox][\/vc_column][vc_column et_column_color=\u00a0\u00bbet-light-column\u00a0\u00bb width=\u00a0\u00bb1\/5&Prime;][vc_hoverbox image=\u00a0\u00bb5917&Prime; primary_title=\u00a0\u00bbJasmin\u00a0\u00bb hover_title=\u00a0\u00bbJasmin\u00a0\u00bb hover_background_color=\u00a0\u00bbcustom\u00a0\u00bb hover_btn_title=\u00a0\u00bbD\u00e9couvrir\u00a0\u00bb hover_btn_color=\u00a0\u00bbwhite\u00a0\u00bb hover_add_button=\u00a0\u00bbtrue\u00a0\u00bb hover_custom_background=\u00a0\u00bb#686464&Prime; hover_btn_link=\u00a0\u00bburl:https%3A%2F%2Fpetalane.ch%2Ffr%2Fpetal-galerie%2F|title:Petal%20Gallery|\u00a0\u00bb]Le soutien-gorge parfait &#8211; confortable, \u00e9l\u00e9gant et polyvalent. Une mati\u00e8re fine et une coupe parfaite des bonnets vous procurent de la joie au quotidien.[\/vc_hoverbox][\/vc_column][vc_column et_column_color=\u00a0\u00bbet-light-column\u00a0\u00bb width=\u00a0\u00bb1\/5&Prime;][vc_hoverbox image=\u00a0\u00bb6025&Prime; primary_title=\u00a0\u00bbDahlia\u00a0\u00bb hover_title=\u00a0\u00bbDahlia\u00a0\u00bb hover_background_color=\u00a0\u00bbcustom\u00a0\u00bb hover_btn_title=\u00a0\u00bbD\u00e9couvrir\u00a0\u00bb hover_btn_color=\u00a0\u00bbwhite\u00a0\u00bb hover_add_button=\u00a0\u00bbtrue\u00a0\u00bb hover_btn_link=\u00a0\u00bburl:https%3A%2F%2Fpetalane.ch%2Ffr%2Fpetal-galerie%2F|title:Dahlia|\u00a0\u00bb hover_custom_background=\u00a0\u00bb#686464&Prime;]La dentelle de fleurs d\u00e9licate rencontre une \u00e9l\u00e9gance intemporelle. Le mod\u00e8le s\u00e9duisant Dahlia est le compagnon \u00e9l\u00e9gant pour des moments tr\u00e8s sp\u00e9ciaux.[\/vc_hoverbox][\/vc_column][vc_column et_column_color=\u00a0\u00bbet-light-column\u00a0\u00bb width=\u00a0\u00bb1\/5&Prime;][vc_hoverbox image=\u00a0\u00bb6208&Prime; primary_title=\u00a0\u00bbLily\u00a0\u00bb hover_title=\u00a0\u00bbLily\u00a0\u00bb hover_background_color=\u00a0\u00bbcustom\u00a0\u00bb hover_btn_title=\u00a0\u00bbD\u00e9couvrir\u00a0\u00bb hover_btn_color=\u00a0\u00bbwhite\u00a0\u00bb hover_add_button=\u00a0\u00bbtrue\u00a0\u00bb hover_custom_background=\u00a0\u00bb#686464&Prime; hover_btn_link=\u00a0\u00bburl:https%3A%2F%2Fpetalane.ch%2Ffr%2Fpetal-galerie%2F|title:Petal%20Gallery|\u00a0\u00bb]Un design floral romantique avec une dentelle d\u00e9licate pour un look \u00e9l\u00e9gant et f\u00e9minin. L&rsquo;ensemble Lily est parfait pour les occasions tr\u00e8s sp\u00e9ciales.[\/vc_hoverbox][\/vc_column][vc_column et_column_color=\u00a0\u00bbet-light-column\u00a0\u00bb width=\u00a0\u00bb1\/5&Prime;][vc_hoverbox image=\u00a0\u00bb8920&Prime; primary_title=\u00a0\u00bbViola\u00a0\u00bb hover_title=\u00a0\u00bbViola\u00a0\u00bb hover_background_color=\u00a0\u00bbcustom\u00a0\u00bb hover_btn_title=\u00a0\u00bbD\u00e9couvrir\u00a0\u00bb hover_btn_color=\u00a0\u00bbwhite\u00a0\u00bb hover_add_button=\u00a0\u00bbtrue\u00a0\u00bb hover_custom_background=\u00a0\u00bb#686464&Prime; hover_btn_link=\u00a0\u00bburl:https%3A%2F%2Fpetalane.ch%2Ffr%2Fpetal-galerie%2F|title:Petal%20Gallery|\u00a0\u00bb]La dentelle fine rencontre la fra\u00eecheur florale : elle allie l&rsquo;\u00e9l\u00e9gance ludique \u00e0 la l\u00e9g\u00e8ret\u00e9. Les d\u00e9tails floraux d\u00e9licats apportent une touche de douceur et de f\u00e9minit\u00e9.[\/vc_hoverbox][\/vc_column][\/vc_row][vc_row][vc_column][vc_empty_space][\/vc_column][\/vc_row][vc_row][vc_column et_column_color=\u00a0\u00bbet-light-column\u00a0\u00bb width=\u00a0\u00bb1\/5&Prime;][vc_hoverbox image=\u00a0\u00bb11860&Prime; primary_title=\u00a0\u00bbFleur\u00a0\u00bb hover_title=\u00a0\u00bbElva\u00a0\u00bb hover_background_color=\u00a0\u00bbcustom\u00a0\u00bb hover_btn_title=\u00a0\u00bbD\u00e9couvrir\u00a0\u00bb hover_btn_color=\u00a0\u00bbwhite\u00a0\u00bb hover_add_button=\u00a0\u00bbtrue\u00a0\u00bb hover_btn_link=\u00a0\u00bburl:https%3A%2F%2Fpetalane.ch%2Ffr%2Fpetal-galerie%2F|title:Petal%20Gallery|\u00a0\u00bb hover_custom_background=\u00a0\u00bb#686464&Prime;]Ce soutien-gorge \u00e9l\u00e9gant (sans push-up) offre un look discret et intemporel. Fermeture frontale pratique pour l&rsquo;enfiler et l&rsquo;enlever facilement. Parfait pour toutes les occasions.[\/vc_hoverbox][\/vc_column][vc_column et_column_color=\u00a0\u00bbet-light-column\u00a0\u00bb width=\u00a0\u00bb1\/5&Prime;][vc_hoverbox image=\u00a0\u00bb10620&Prime; primary_title=\u00a0\u00bbElva\u00a0\u00bb hover_title=\u00a0\u00bbElva\u00a0\u00bb hover_background_color=\u00a0\u00bbcustom\u00a0\u00bb hover_btn_title=\u00a0\u00bbD\u00e9couvrir\u00a0\u00bb hover_add_button=\u00a0\u00bbtrue\u00a0\u00bb hover_custom_background=\u00a0\u00bb#686464&Prime;]Top soutien-gorge \u00ab\u00a0Elva\u00a0\u00bb 3 couleurs &#8211; un top \u00e0 bretelles confortable avec coussinets int\u00e9gr\u00e9s (soutien-gorge). Id\u00e9al comme top d&rsquo;\u00e9t\u00e9 l\u00e9ger ou sous-v\u00eatement agr\u00e9able en hiver.[\/vc_hoverbox][\/vc_column][vc_column width=\u00a0\u00bb1\/5&Prime;][\/vc_column][vc_column width=\u00a0\u00bb1\/5&Prime;][\/vc_column][\/vc_row][vc_row][vc_column][vc_empty_space][\/vc_column][\/vc_row]\n<\/div>","protected":false},"excerpt":{"rendered":"<p>[vc_row css=\u00a0\u00bb.vc_custom_1573104160543{padding-top: 40px !important;}\u00a0\u00bb][vc_column][vc_column_text css=\u00a0\u00bb\u00a0\u00bb] Petal Gallery D\u00e9couvre la beaut\u00e9 florale [\/vc_column_text][\/vc_column][\/vc_row][vc_row content_placement=\u00a0\u00bbmiddle\u00a0\u00bb][vc_column et_column_color=\u00a0\u00bbet-light-column\u00a0\u00bb width=\u00a0\u00bb1\/5&Prime;][vc_hoverbox image=\u00a0\u00bb6765&Prime; primary_title=\u00a0\u00bbCalla\u00a0\u00bb hover_title=\u00a0\u00bbCalla\u00a0\u00bb hover_background_color=\u00a0\u00bbcustom\u00a0\u00bb hover_btn_title=\u00a0\u00bbD\u00e9couvrir\u00a0\u00bb hover_btn_color=\u00a0\u00bbwhite\u00a0\u00bb hover_add_button=\u00a0\u00bbtrue\u00a0\u00bb hover_custom_background=\u00a0\u00bb#686464&Prime; hover_btn_link=\u00a0\u00bburl:https%3A%2F%2Fpetalane.ch%2Ffr%2Fpetal-galerie%2F|title:Petal%20Gallery|\u00a0\u00bb]Un soutien-gorge confortable, sp\u00e9cialement con\u00e7u pour les poitrines petites \u00e0 moyennes, qui sculpte une silhouette naturelle. Soutien-gorge pour \u00ab\u00a0tous les jours\u00a0\u00bb ![\/vc_hoverbox][\/vc_column][vc_column et_column_color=\u00a0\u00bbet-light-column\u00a0\u00bb width=\u00a0\u00bb1\/5&Prime;][vc_hoverbox image=\u00a0\u00bb5917&Prime; primary_title=\u00a0\u00bbJasmin\u00a0\u00bb hover_title=\u00a0\u00bbJasmin\u00a0\u00bb [&hellip;]<\/p>\n","protected":false},"author":1,"featured_media":0,"parent":0,"menu_order":0,"comment_status":"closed","ping_status":"closed","template":"","meta":{"footnotes":""},"class_list":["post-5401","page","type-page","status-publish","hentry"],"aioseo_notices":[],"_links":{"self":[{"href":"https:\/\/petalane.ch\/fr\/wp-json\/wp\/v2\/pages\/5401","targetHints":{"allow":["GET"]}}],"collection":[{"href":"https:\/\/petalane.ch\/fr\/wp-json\/wp\/v2\/pages"}],"about":[{"href":"https:\/\/petalane.ch\/fr\/wp-json\/wp\/v2\/types\/page"}],"author":[{"embeddable":true,"href":"https:\/\/petalane.ch\/fr\/wp-json\/wp\/v2\/users\/1"}],"replies":[{"embeddable":true,"href":"https:\/\/petalane.ch\/fr\/wp-json\/wp\/v2\/comments?post=5401"}],"version-history":[{"count":8,"href":"https:\/\/petalane.ch\/fr\/wp-json\/wp\/v2\/pages\/5401\/revisions"}],"predecessor-version":[{"id":12192,"href":"https:\/\/petalane.ch\/fr\/wp-json\/wp\/v2\/pages\/5401\/revisions\/12192"}],"wp:attachment":[{"href":"https:\/\/petalane.ch\/fr\/wp-json\/wp\/v2\/media?parent=5401"}],"curies":[{"name":"wp","href":"https:\/\/api.w.org\/{rel}","templated":true}]}}