{"id":5452,"date":"2019-10-24T00:57:41","date_gmt":"2019-10-23T22:57:41","guid":{"rendered":"https:\/\/petalane.ch\/privacy-policy\/"},"modified":"2025-09-09T10:11:30","modified_gmt":"2025-09-09T08:11:30","slug":"privacy-policy","status":"publish","type":"page","link":"https:\/\/petalane.ch\/fr\/privacy-policy\/","title":{"rendered":"D\u00e9claration de confidentialit\u00e9"},"content":{"rendered":"\n<h3 class=\"wp-block-heading\">D\u00e9claration de confidentialit\u00e9<\/h3>\n\n<p>The responsible body within the meaning of data protection laws, in particular the EU General Data Protection Regulation (GDPR), is:<\/p>\n\n<p>Wycon Marketing GmbH (en tant que propri\u00e9taire de Petalane.ch)<br\/>Alicia Wyss<br\/>Heligeichstrasse 32d<br\/>8632 Tann<br\/>Suisse<br\/><br\/>T\u00e9l. : 043 843 02 65<br\/>E-mail : info@petalane.ch<br\/>Site web : https:\/\/petalane.ch<\/p>\n\n<p><strong>Remarque g\u00e9n\u00e9rale<\/strong><\/p>\n\n<p>En vertu de l&rsquo;article 13 de la Constitution f\u00e9d\u00e9rale suisse et des dispositions f\u00e9d\u00e9rales relatives \u00e0 la protection des donn\u00e9es (loi sur la protection des donn\u00e9es, LPD), toute personne a droit \u00e0 la protection de sa vie priv\u00e9e ainsi qu&rsquo;\u00e0 la protection contre l&rsquo;utilisation abusive de ses donn\u00e9es personnelles. Nous prenons la protection de vos donn\u00e9es personnelles tr\u00e8s au s\u00e9rieux. Nous traitons vos donn\u00e9es personnelles de mani\u00e8re confidentielle et conform\u00e9ment aux dispositions l\u00e9gales en mati\u00e8re de protection des donn\u00e9es et \u00e0 la pr\u00e9sente d\u00e9claration de confidentialit\u00e9.  <\/p>\n\n<p>Nous avons confi\u00e9 l&rsquo;h\u00e9bergement de notre site web \u00e0 Metanet AG, 8005 Zurich (outsourcing). En collaboration avec notre h\u00e9bergeur, nous nous effor\u00e7ons de prot\u00e9ger autant que possible les bases de donn\u00e9es contre les acc\u00e8s ext\u00e9rieurs, les pertes, les abus ou les falsifications. <\/p>\n\n<p>Nous attirons votre attention sur le fait que la transmission de donn\u00e9es sur Internet (par exemple, lors de la communication par e-mail) peut pr\u00e9senter des failles de s\u00e9curit\u00e9. Une protection compl\u00e8te des donn\u00e9es contre l&rsquo;acc\u00e8s par des tiers n&rsquo;est pas possible. <\/p>\n\n<p>En utilisant ce site web (https:\/\/petalane.ch), vous acceptez la collecte, le traitement et l&rsquo;utilisation de donn\u00e9es conform\u00e9ment \u00e0 la description ci-dessous. Ce site web peut \u00eatre visit\u00e9 sans enregistrement. Les donn\u00e9es telles que les pages consult\u00e9es ou le nom du fichier consult\u00e9, la date et l&rsquo;heure sont enregistr\u00e9es sur le serveur \u00e0 des fins statistiques, sans que ces donn\u00e9es ne soient directement li\u00e9es \u00e0 votre personne. Les donn\u00e9es personnelles, en particulier le nom, l&rsquo;adresse, l&rsquo;adresse e-mail ou le num\u00e9ro de t\u00e9l\u00e9phone, sont collect\u00e9es, dans la mesure du possible, sur une base volontaire. Ces donn\u00e9es ne sont pas transmises \u00e0 des tiers sans votre consentement.    <\/p>\n\n<p><strong>Traitement des donn\u00e9es personnelles<\/strong><\/p>\n\n<p>Les donn\u00e9es personnelles sont toutes les informations qui se rapportent \u00e0 une personne identifi\u00e9e ou identifiable. Une personne concern\u00e9e est une personne au sujet de laquelle des donn\u00e9es personnelles sont trait\u00e9es. Le traitement comprend toute manipulation de donn\u00e9es personnelles, ind\u00e9pendamment des moyens et des proc\u00e9dures utilis\u00e9s, notamment la conservation, la communication, la collecte, l&rsquo;effacement, le stockage, la modification, la destruction et l&rsquo;utilisation de donn\u00e9es personnelles.  <\/p>\n\n<p>Nous traitons les donn\u00e9es personnelles conform\u00e9ment au droit suisse de la protection des donn\u00e9es. Par ailleurs, nous traitons &#8211; dans la mesure o\u00f9 le RGPD de l&rsquo;UE s&rsquo;applique &#8211; les donn\u00e9es personnelles conform\u00e9ment aux bases juridiques suivantes en relation avec l&rsquo;article 6, paragraphe 1 du RGPD :  <\/p>\n\n<p>lit. a) Traitement de donn\u00e9es personnelles avec le consentement de la personne concern\u00e9e. <\/p>\n\n<p>lit. b) traitement des donn\u00e9es personnelles pour l&rsquo;ex\u00e9cution d&rsquo;un contrat avec la personne concern\u00e9e ainsi que pour l&rsquo;ex\u00e9cution de mesures pr\u00e9contractuelles correspondantes. <\/p>\n\n<p>lit. c) Traitement de donn\u00e9es personnelles pour satisfaire \u00e0 une obligation l\u00e9gale \u00e0 laquelle nous sommes soumis conform\u00e9ment au droit \u00e9ventuellement applicable de l&rsquo;UE ou au droit \u00e9ventuellement applicable d&rsquo;un pays dans lequel le RGPD est enti\u00e8rement ou partiellement applicable. <\/p>\n\n<p>let. d) traitement de donn\u00e9es personnelles afin de prot\u00e9ger les int\u00e9r\u00eats vitaux de la personne concern\u00e9e ou d&rsquo;une autre personne physique. <\/p>\n\n<p>f) traitement des donn\u00e9es personnelles afin de sauvegarder nos int\u00e9r\u00eats l\u00e9gitimes ou ceux de tiers, dans la mesure o\u00f9 les libert\u00e9s et droits fondamentaux ainsi que les int\u00e9r\u00eats de la personne concern\u00e9e ne pr\u00e9valent pas. Les int\u00e9r\u00eats l\u00e9gitimes sont notamment notre int\u00e9r\u00eat commercial \u00e0 pouvoir mettre notre site web \u00e0 disposition, la s\u00e9curit\u00e9 de l&rsquo;information, l&rsquo;application de nos propres droits l\u00e9gaux et le respect du droit suisse.  <\/p>\n\n<p>Lorsque vous passez une commande chez nous, nous avons besoin des donn\u00e9es personnelles suivantes pour le traitement du contrat:<\/p>\n\n<p>Pr\u00e9nom et nom de famille<\/p>\n\n<p>Adresse de facturation (et, le cas \u00e9ch\u00e9ant, adresse de livraison diff\u00e9rente)<\/p>\n\n<p>Adresse e-mail<\/p>\n\n<p>Num\u00e9ro de t\u00e9l\u00e9phone<\/p>\n\n<p>Mot de passe (uniquement lors de l&rsquo;ouverture simultan\u00e9e d&rsquo;un compte client)<\/p>\n\n<p>Nous traitons les donn\u00e9es personnelles pendant la dur\u00e9e n\u00e9cessaire \u00e0 la r\u00e9alisation de l&rsquo;objectif ou des objectifs en question. En cas d&rsquo;obligation de conservation plus longue en raison d&rsquo;obligations l\u00e9gales ou autres auxquelles nous sommes soumis, nous limitons le traitement en cons\u00e9quence. <\/p>\n\n<p><strong>Cookies<\/strong><\/p>\n\n<p>Ce site utilise des cookies. Il s&rsquo;agit de petits fichiers texte qui permettent d&rsquo;enregistrer sur le terminal de l&rsquo;utilisateur des informations sp\u00e9cifiques \u00e0 ce dernier lorsqu&rsquo;il utilise le site. Les cookies permettent notamment de d\u00e9terminer la fr\u00e9quence d&rsquo;utilisation et le nombre d&rsquo;utilisateurs des pages, d&rsquo;analyser les comportements d&rsquo;utilisation des pages, mais aussi de rendre notre offre plus conviviale. Les cookies restent enregistr\u00e9s apr\u00e8s la fin d&rsquo;une session de navigation et peuvent \u00eatre consult\u00e9s lors d&rsquo;une nouvelle visite du site. Si vous ne le souhaitez pas, vous devez configurer votre navigateur Internet pour qu&rsquo;il refuse les cookies.    <\/p>\n\n<p>Une opposition g\u00e9n\u00e9rale \u00e0 l&rsquo;utilisation de cookies \u00e0 des fins de marketing en ligne peut \u00eatre d\u00e9clar\u00e9e pour un grand nombre de services, en particulier dans le cas du suivi, via le site am\u00e9ricain http:\/\/www.aboutads.info\/choices\/ ou le site europ\u00e9en http:\/\/www.youronlinechoices.com\/. Il est \u00e9galement possible d&#8217;emp\u00eacher l&rsquo;enregistrement des cookies en les d\u00e9sactivant dans les param\u00e8tres du navigateur. Veuillez noter que dans ce cas, il se peut que vous ne puissiez pas utiliser toutes les fonctions de cette offre en ligne.  <\/p>\n\n<p><strong>Chiffrement SSL\/TLS<\/strong><\/p>\n\n<p>Pour des raisons de s\u00e9curit\u00e9 et de protection de la transmission de contenus confidentiels, comme par exemple les demandes que vous nous envoyez en tant qu&rsquo;exploitant du site, ce site utilise un cryptage SSL\/TLS. Vous pouvez reconna\u00eetre une connexion crypt\u00e9e au fait que la ligne d&rsquo;adresse du navigateur passe de \u00ab http:\/\/ \u00bb \u00e0 \u00ab https:\/\/ \u00bb et au symbole du cadenas dans la ligne de votre navigateur. <\/p>\n\n<p>Lorsque le chiffrement SSL ou TLS est activ\u00e9, les donn\u00e9es que vous nous transmettez ne peuvent pas \u00eatre lues par des tiers.<\/p>\n\n<p><strong>Fichiers journaux du serveur<\/strong><\/p>\n\n<p>Le fournisseur de ce site web recueille et enregistre automatiquement des informations dans des fichiers journaux de serveur que votre navigateur nous transmet automatiquement. Ces informations sont les suivantes <\/p>\n\n<p>Type de navigateur et version du navigateur<\/p>\n\n<p>Syst\u00e8me d&rsquo;exploitation utilis\u00e9<\/p>\n\n<p>URL de renvoi<\/p>\n\n<p>Nom d&rsquo;h\u00f4te de l&rsquo;ordinateur acc\u00e9dant au site<\/p>\n\n<p>Heure de la demande du serveur<\/p>\n\n<p>Ces donn\u00e9es ne peuvent pas \u00eatre attribu\u00e9es \u00e0 des personnes sp\u00e9cifiques. Nous n&rsquo;effectuons pas de recoupement de ces donn\u00e9es avec d&rsquo;autres sources de donn\u00e9es. Nous nous r\u00e9servons le droit de v\u00e9rifier ces donn\u00e9es ult\u00e9rieurement si nous avons connaissance d&rsquo;indices concrets d&rsquo;une utilisation ill\u00e9gale.  <\/p>\n\n<p><strong>Services de tiers<\/strong><\/p>\n\n<p>Pour le traitement des commandes, nous transmettons les donn\u00e9es d&rsquo;adresse n\u00e9cessaires au prestataire de transport concern\u00e9.<\/p>\n\n<p>Ce site Web utilise \u00e9ventuellement Google Maps pour l&rsquo;int\u00e9gration de cartes et YouTube pour l&rsquo;int\u00e9gration de vid\u00e9os du tiers fournisseur Google LLC, 1600 Amphitheatre Parkway, Mountain View, CA 94043, \u00c9tats-Unis.<\/p>\n\n<p>Ces services de la soci\u00e9t\u00e9 am\u00e9ricaine Google LLC utilisent, entre autres, des cookies et, par cons\u00e9quent, des donn\u00e9es sont transmises \u00e0 Google aux \u00c9tats-Unis, mais nous partons du principe qu&rsquo;aucun suivi personnel n&rsquo;est effectu\u00e9 dans ce cadre du seul fait de l&rsquo;utilisation de notre site Internet. Google s&rsquo;est engag\u00e9 \u00e0 garantir une protection ad\u00e9quate des donn\u00e9es conform\u00e9ment au Privacy Shield am\u00e9ricano-europ\u00e9en et am\u00e9ricano-suisse. Pour plus d&rsquo;informations sur les d\u00e9clarations de protection des donn\u00e9es et les possibilit\u00e9s d&rsquo;opposition (opt-out), veuillez consulter les sites suivants : D\u00e9claration de protection des donn\u00e9es : https:\/\/www.google.com\/policies\/privacy\/, Opt-Out : https:\/\/adssettings.google.com\/.  <\/p>\n\n<p><strong>Formulaire de contact<\/strong><\/p>\n\n<p>Si vous nous envoyez des demandes par le biais du formulaire de contact, les informations que vous avez fournies dans le formulaire de demande, y compris les donn\u00e9es de contact que vous y avez indiqu\u00e9es, seront stock\u00e9es chez nous \u00e0 des fins de traitement de la demande et en cas de questions de suivi. Nous ne transmettons pas ces donn\u00e9es sans votre consentement. <\/p>\n\n<p><strong>Fournisseurs de services de paiement externes<\/strong><\/p>\n\n<p>Dans le cadre de la r\u00e9alisation des contrats, nous d\u00e9finissons les fournisseurs de services de paiement en fonction de l&rsquo;ordonnance de protection des donn\u00e9es suisses et, si n\u00e9cessaire, art. RGPD de l&rsquo;UE. En outre, nous utilisons les fournisseurs de services de paiement externes en fonction de nos int\u00e9r\u00eats l\u00e9gitimes conform\u00e9ment \u00e0 l&rsquo;ordonnance de protection des donn\u00e9es suisses et, si n\u00e9cessaire, conform\u00e9ment \u00e0 l&rsquo;art.6 Abs. 1 lit. f. EU-DSGVO, pour offrir \u00e0 nos utilisateurs des options de paiement efficaces et s\u00fbres..       <\/p>\n\n<p>Ce site web utilise d&rsquo;une part le prestataire de services de paiement externe Twint AG, CH-Zurich. Le traitement des paiements TWINT a lieu en Suisse. D&rsquo;autre part, ce site utilise le prestataire de services de paiement externe Stripe Payments Europe Limited, Dublin, D02 H210, Ireland. En cas de paiement par carte de cr\u00e9dit, nous transmettons les informations relatives \u00e0 votre carte de cr\u00e9dit \u00e0 l&rsquo;\u00e9metteur de cette derni\u00e8re par l&rsquo;interm\u00e9diaire du prestataire de services de paiement. Le traitement a \u00e9galement lieu en dehors de la Suisse, notamment en Irlande et aux \u00c9tats-Unis. Stripe, Inc. respecte le cadre de protection des donn\u00e9es UE-U.S. (\u00ab\u00a0EU-U.S. DPF\u00a0\u00bb), l&rsquo;extension britannique du cadre de protection des donn\u00e9es UE-U.S. et le cadre de protection des donn\u00e9es Suisse-U.S., tel que d\u00e9fini par le D\u00e9partement du Commerce des \u00c9tats-Unis et tel qu&rsquo;applicable (voir le lien \u00ab\u00a0Stripe Data Privacy Framework Policy\u00a0\u00bb).      <\/p>\n\n<p>En tant qu&rsquo;exploitant du site Web, nous ne recevons aucune information sur le compte (bancaire) ou la carte de cr\u00e9dit, mais uniquement des informations sur la confirmation (acceptation) ou le refus du paiement. Nous renvoyons \u00e0 ce sujet aux conditions g\u00e9n\u00e9rales et aux informations sur la protection des donn\u00e9es des prestataires de services de paiement sur les sites https:\/\/www.twint.ch\/privatkunden\/agb-app\/ et https:\/\/stripe.com\/en-ch\/privacy. <\/p>\n\n<p>Les op\u00e9rations de paiement sont r\u00e9gies par les conditions g\u00e9n\u00e9rales et les informations relatives \u00e0 la protection des donn\u00e9es du prestataire de services de paiement concern\u00e9, qui peuvent \u00eatre consult\u00e9es sur le site Internet ou l&rsquo;application de transaction en question. Nous vous y renvoyons \u00e9galement pour de plus amples informations et pour faire valoir vos droits de r\u00e9tractation, d&rsquo;information et autres droits des personnes concern\u00e9es. <\/p>\n\n<p><strong>Google Analytics<\/strong><\/p>\n\n<p>Ce site Web utilise Google Analytics, un service d&rsquo;analyse Web de Google Inc., 1600 Amphitheatre Parkway, Mountain View, CA 94043, \u00c9tats-Unis. Pour d\u00e9sactiver Google Analytics, Google propose un plugin de navigateur \u00e0 l&rsquo;adresse suivante : [https:\/\/tools.google.com\/dlpage\/gaoptout?hl=de](https:\/\/tools.google.com\/dlpage\/gaoptout?hl=de). Google Analytics utilise des cookies. Ce sont de petits fichiers texte qui permettent de stocker des informations sp\u00e9cifiques \u00e0 l&rsquo;utilisateur sur le terminal de l&rsquo;utilisateur. Cela permet \u00e0 Google d&rsquo;analyser l&rsquo;utilisation de notre offre sur le site Web. Les informations collect\u00e9es par le cookie concernant l&rsquo;utilisation de nos pages (y compris votre adresse IP) sont g\u00e9n\u00e9ralement transmises \u00e0 un serveur de Google aux \u00c9tats-Unis et y sont stock\u00e9es. Nous soulignons que sur ce site Web, Google Analytics a \u00e9t\u00e9 \u00e9tendu avec le code \u00ab gat._anonymizeIp(); \u00bb afin de garantir une collecte anonymis\u00e9e des adresses IP (surnomm\u00e9 IP-Masking). Lorsque l&rsquo;anonymisation est active, Google raccourcit les adresses IP au sein des \u00c9tats membres de l&rsquo;Union europ\u00e9enne ou dans d&rsquo;autres \u00c9tats contractants de l&rsquo;accord sur l&rsquo;Espace \u00e9conomique europ\u00e9en, ce qui rend impossible toute conclusion sur votre identit\u00e9. Ce n&rsquo;est que dans des cas exceptionnels que l&rsquo;adresse IP compl\u00e8te est transmise \u00e0 un serveur de Google aux \u00c9tats-Unis et y est raccourcie. Google respecte les dispositions de protection des donn\u00e9es du programme \u00ab Privacy Shield \u00bb et est inscrit au programme \u00ab Privacy Shield \u00bb du minist\u00e8re am\u00e9ricain du Commerce, et utilise les informations collect\u00e9es pour \u00e9valuer l&rsquo;utilisation de nos sites Web, r\u00e9diger des rapports \u00e0 ce sujet et nous fournir d&rsquo;autres services connexes. Pour en savoir plus, veuillez consulter https:\/\/support.google.com\/analytics\/answer\/6004245?hl=de<\/p>\n\n<p><strong>MailPoet<\/strong><\/p>\n\n<p><strong>Informations pour la newsletter<\/strong><\/p>\n\n<p>Si vous souhaitez obtenir la newsletter offerte sur ce site Web, nous avons besoin d&rsquo;une adresse e-mail de votre part et d&rsquo;informations qui nous permettent de v\u00e9rifier que vous \u00eates le propri\u00e9taire de l&rsquo;adresse e-mail sp\u00e9cifi\u00e9e et acceptez la r\u00e9ception de la newsletter. D&rsquo;autres donn\u00e9es ne seront pas collect\u00e9es. Nous utilisons ces donn\u00e9es exclusivement pour envoyer les informations demand\u00e9es \u00e0 l&rsquo;aide du fournisseur de services d&rsquo;exp\u00e9dition \u00abMailPoet\u00bb.  <\/p>\n\n<p>Vous pouvez r\u00e9voquer \u00e0 tout moment votre consentement \u00e0 la conservation des donn\u00e9es, de l&rsquo;adresse e-mail ainsi qu&rsquo;\u00e0 leur utilisation pour l&rsquo;envoi de la newsletter, par exemple via le lien \u00ab Se d\u00e9sinscrire \u00bb dans la newsletter.<\/p>\n\n<p><strong>Utilisation du fournisseur de services d&rsquo;exp\u00e9dition \u00ab\u00a0MailPoet\u00a0\u00bb<\/strong><\/p>\n\n<p>Nous utilisons MailPoet sur notre site Web, un plugin WordPress pour notre newsletter. Le fournisseur de services est la soci\u00e9t\u00e9 irlandaise Aut O\u2019Mattic A8C Ireland Ltd, Grand Canal Dock, 25 Herbert PI, Dublin, D02 AY86, Irlande. Vous pouvez en savoir plus sur les donn\u00e9es trait\u00e9es par l&rsquo;utilisation de MailPoet <a href=\"https:\/\/automattic.com\/privacy\/\" target=\"_blank\" rel=\"noreferrer noopener\">Privacy Policy<\/a>.  <\/p>\n\n<p>Le fournisseur de services d&rsquo;exp\u00e9dition est utilis\u00e9 sur la base de nos int\u00e9r\u00eats l\u00e9gitimes conform\u00e9ment \u00e0 l&rsquo;art.6 Abs.. 1 lit. f DSGVO. La newsletter est envoy\u00e9e via notre h\u00e9bergeur en Suisse &#8211; le serveur de messagerie de MailPoet n&rsquo;est pas utilis\u00e9.<\/p>\n\n<p>Le fournisseur de services d&rsquo;exp\u00e9dition peut utiliser les donn\u00e9es du destinataire sous forme de pseudonyme, c&rsquo;est-\u00e0-dire sans affectation \u00e0 un utilisateur, pour optimiser ou am\u00e9liorer vos propres services, par exemple \u00e0 l&rsquo;optimisation technique de l&rsquo;exp\u00e9dition et de la pr\u00e9sentation de la newsletter ou \u00e0 des fins statistiques. Cependant, le fournisseur de services d&rsquo;exp\u00e9dition n&rsquo;utilise pas les donn\u00e9es de nos destinataires de newsletter pour les noter ou les transmettre \u00e0 des tiers.<br\/>Apr\u00e8s avoir donn\u00e9 votre consentement \u00e0 stocker les donn\u00e9es, l&rsquo;adresse e-mail et son utilisation pour envoyer la newsletter, vous pouvez la r\u00e9voquer \u00e0 tout moment, par exemple via le \u00ab\u00a0lien de d\u00e9sabonnement\u00a0\u00bb dans la newsletter. <\/p>\n\n<p><strong>Donn\u00e9es d&rsquo;enregistrement<\/strong><\/p>\n\n<p>Pour vous inscrire \u00e0 la newsletter, il vous suffit de fournir votre adresse e-mail. Nous vous demandons \u00e9galement, de mani\u00e8re facultative, de fournir votre pr\u00e9nom et votre nom de famille. Ces informations servent uniquement \u00e0 la personnalisation de la newsletter.<\/p>\n\n<p><strong>Collecte et analyses statistiques<\/strong><\/p>\n\n<p>Les newsletters contiennent un \u00ab web beacon \u00bb, c&rsquo;est-\u00e0-dire un fichier de la taille d&rsquo;un pixel qui est r\u00e9cup\u00e9r\u00e9 depuis le serveur de MailChimp lors de l&rsquo;ouverture de la newsletter. Dans le cadre de cette r\u00e9cup\u00e9ration, des informations techniques, telles que des informations sur le navigateur et votre syst\u00e8me, ainsi que votre adresse IP et le moment de la r\u00e9cup\u00e9ration, sont collect\u00e9es. Ces informations sont utilis\u00e9es pour am\u00e9liorer techniquement les services en fonction des donn\u00e9es techniques ou pour analyser les publics et leur comportement de lecture en fonction des lieux de r\u00e9cup\u00e9ration (qui peuvent \u00eatre d\u00e9termin\u00e9s \u00e0 l&rsquo;aide de l&rsquo;adresse IP) ou des temps d&rsquo;acc\u00e8s.<\/p>\n\n<p>Les enqu\u00eates statistiques comprennent \u00e9galement la d\u00e9termination de l&rsquo;ouverture des newsletters, lorsqu&rsquo;ils sont ouverts et quels liens sont cliqu\u00e9s. Pour des raisons techniques, ces informations peuvent \u00eatre attribu\u00e9es aux r\u00e9cepteurs de newsletter individuels. Cependant, ce n&rsquo;est ni notre entreprise, ni celle de MailPoet, d&rsquo;observer les utilisateurs individuels. Les \u00e9valuations nous servent beaucoup plus pour reconna\u00eetre les habitudes de lecture de nos utilisateurs et leur adapter notre contenu ou pour envoyer un contenu diff\u00e9rent en fonction des int\u00e9r\u00eats de nos utilisateurs.   <\/p>\n\n<p><strong>R\u00e9siliation\/R\u00e9vocation<\/strong><\/p>\n\n<p>Vous pouvez annuler la r\u00e9ception de notre newsletter \u00e0 tout moment, c&rsquo;est-\u00e0-dire r\u00e9voquer votre consentement. Vous trouverez un lien pour r\u00e9silier la newsletter \u00e0 la fin de chaque newsletter.<\/p>\n\n<p><strong>Bases juridiques du R\u00e8glement g\u00e9n\u00e9ral sur la protection des donn\u00e9es<\/strong><\/p>\n\n<p>Conform\u00e9ment aux dispositions du R\u00e8glement g\u00e9n\u00e9ral sur la protection des donn\u00e9es (RGPD) en vigueur depuis le 25 mai 2018, nous vous informons que les consentements \u00e0 l&rsquo;envoi des adresses e-mail sont donn\u00e9s sur la base de l&rsquo;article 6, paragraphe 1, point a), de l&rsquo;article 7 du RGPD et de l&rsquo;article 7, paragraphe 2, point 3, ou paragraphe 3, de la loi sur la concurrence d\u00e9loyale. L&rsquo;utilisation du prestataire de services d&rsquo;envoi MailPoet, la r\u00e9alisation de relev\u00e9s et d&rsquo;analyses statistiques ainsi que la journalisation de la proc\u00e9dure d&rsquo;inscription se font sur la base de nos int\u00e9r\u00eats l\u00e9gitimes conform\u00e9ment \u00e0 l&rsquo;article L. 121-1 du Code de la consommation.      Article 6, paragraphe 1, point f) du RGPD. Notre int\u00e9r\u00eat est d&rsquo;utiliser un syst\u00e8me de newsletter convivial et s\u00fbr, qui serve nos int\u00e9r\u00eats commerciaux et r\u00e9ponde aux attentes des utilisateurs.   <\/p>\n\n<p>Nous vous informons \u00e9galement que vous pouvez vous opposer \u00e0 tout moment au traitement futur de vos donn\u00e9es personnelles conform\u00e9ment aux dispositions l\u00e9gales de l&rsquo;article 21 du RGPD. Cette opposition peut notamment porter sur le traitement \u00e0 des fins de publicit\u00e9 directe.  <\/p>\n\n<p><strong>Profilage et prise de d\u00e9cision automatis\u00e9e.<\/strong><\/p>\n\n<p>Nous ne traitons pas les donn\u00e9es personnelles de mani\u00e8re partiellement automatis\u00e9e dans le but d \u00ab \u00e9valuer certains aspects personnels (profilage). Pour l \u00bb \u00e9tablissement et l&rsquo;ex\u00e9cution de la relation d&rsquo;affaires, ainsi que pour toute autre raison, nous n&rsquo;utilisons en principe pas de prise de d\u00e9cision automatique enti\u00e8rement automatis\u00e9e (comme le pr\u00e9voit par exemple l&rsquo;article 22 du RGPD). <\/p>\n\n<p><strong>Droit d&rsquo;acc\u00e8s, de suppression, de blocage et de retrait du consentement.<\/strong><\/p>\n\n<p>Vous avez \u00e0 tout moment le droit d&rsquo;obtenir gratuitement des informations sur vos donn\u00e9es personnelles enregistr\u00e9es, sur leur origine et leur destinataire et sur la finalit\u00e9 du traitement des donn\u00e9es, ainsi qu&rsquo;un droit de rectification, de blocage ou de suppression de ces donn\u00e9es. De m\u00eame, vous pouvez \u00e0 tout moment r\u00e9voquer votre consentement \u00e0 la pr\u00e9sente d\u00e9claration de confidentialit\u00e9. Pour cela, ainsi que pour toute autre question relative aux donn\u00e9es personnelles, vous pouvez \u00e0 tout moment vous adresser directement \u00e0 la personne responsable de la protection des donn\u00e9es au sein de notre organisation, dont les coordonn\u00e9es figurent au d\u00e9but de la pr\u00e9sente d\u00e9claration de confidentialit\u00e9.  <\/p>\n\n<p><strong>Modifications de la politique de confidentialit\u00e9<\/strong><\/p>\n\n<p>Nous pouvons modifier cette d\u00e9claration de confidentialit\u00e9 \u00e0 tout moment et sans pr\u00e9avis. La version en vigueur publi\u00e9e sur notre site web en langue allemand fait foi.  <\/p>\n\n<p><strong>Questions concernant la politique de confidentialit\u00e9<\/strong><\/p>\n\n<p>Si vous avez des questions concernant la protection des donn\u00e9es, veuillez nous envoyer un e-mail ou vous adresser directement \u00e0 la personne responsable de la protection des donn\u00e9es mentionn\u00e9e au d\u00e9but de la pr\u00e9sente d\u00e9claration de confidentialit\u00e9.<\/p>\n\n<p>Tann, 04.09.2025<\/p>\n","protected":false},"excerpt":{"rendered":"<p>D\u00e9claration de confidentialit\u00e9 The responsible body within the meaning of data protection laws, in particular the EU General Data Protection Regulation (GDPR), is: Wycon Marketing GmbH (en tant que propri\u00e9taire de Petalane.ch)Alicia WyssHeligeichstrasse 32d8632 TannSuisse T\u00e9l. : 043 843 02 65E-mail : info@petalane.chSite web : https:\/\/petalane.ch Remarque g\u00e9n\u00e9rale En vertu [&hellip;]<\/p>\n","protected":false},"author":1,"featured_media":0,"parent":0,"menu_order":0,"comment_status":"closed","ping_status":"closed","template":"","meta":{"footnotes":""},"class_list":["post-5452","page","type-page","status-publish","hentry"],"aioseo_notices":[],"_links":{"self":[{"href":"https:\/\/petalane.ch\/fr\/wp-json\/wp\/v2\/pages\/5452","targetHints":{"allow":["GET"]}}],"collection":[{"href":"https:\/\/petalane.ch\/fr\/wp-json\/wp\/v2\/pages"}],"about":[{"href":"https:\/\/petalane.ch\/fr\/wp-json\/wp\/v2\/types\/page"}],"author":[{"embeddable":true,"href":"https:\/\/petalane.ch\/fr\/wp-json\/wp\/v2\/users\/1"}],"replies":[{"embeddable":true,"href":"https:\/\/petalane.ch\/fr\/wp-json\/wp\/v2\/comments?post=5452"}],"version-history":[{"count":5,"href":"https:\/\/petalane.ch\/fr\/wp-json\/wp\/v2\/pages\/5452\/revisions"}],"predecessor-version":[{"id":12485,"href":"https:\/\/petalane.ch\/fr\/wp-json\/wp\/v2\/pages\/5452\/revisions\/12485"}],"wp:attachment":[{"href":"https:\/\/petalane.ch\/fr\/wp-json\/wp\/v2\/media?parent=5452"}],"curies":[{"name":"wp","href":"https:\/\/api.w.org\/{rel}","templated":true}]}}