{"id":6386,"date":"2024-10-02T16:38:18","date_gmt":"2024-10-02T14:38:18","guid":{"rendered":"https:\/\/petalane.ch\/mentions-legales\/"},"modified":"2025-08-30T13:04:45","modified_gmt":"2025-08-30T11:04:45","slug":"mentions-legales","status":"publish","type":"page","link":"https:\/\/petalane.ch\/fr\/mentions-legales\/","title":{"rendered":"Mentions l\u00e9gales"},"content":{"rendered":"\n<p><strong>Si\u00e8ge<\/strong><\/p>\n\n<p>Wycon Marketing GmbH (en tant que propri\u00e9taire de Petalane.ch)<br\/>Heligeichstrasse 32d<br\/>CH-8632 Tann<br\/>Suisse<\/p>\n\n<p>Directrice autoris\u00e9e \u00e0 repr\u00e9senter l&rsquo;entreprise : Alicia Wyss<\/p>\n\n<p>ID d&rsquo;entreprise : CHE-105.639.084<br\/>N\u00b0 de TVA : CHE-105.639.084 TVA<\/p>\n\n<p><em>Petalane.<\/em> &#8211; marque d\u00e9pos\u00e9e sous le num\u00e9ro de marque 835469<\/p>\n\n<p><strong>Contacter<\/strong><\/p>\n\n<p>info@petalane.ch<br\/>T\u00e9l\u00e9phone: +41 43 843 02 65<\/p>\n\n<p>Plus d&rsquo;informations dans les conditions g\u00e9n\u00e9rales et la d\u00e9claration de confidentialit\u00e9.<\/p>\n\n<p><\/p>\n","protected":false},"excerpt":{"rendered":"<p>Si\u00e8ge Wycon Marketing GmbH (en tant que propri\u00e9taire de Petalane.ch)Heligeichstrasse 32dCH-8632 TannSuisse Directrice autoris\u00e9e \u00e0 repr\u00e9senter l&rsquo;entreprise : Alicia Wyss ID d&rsquo;entreprise : CHE-105.639.084N\u00b0 de TVA : CHE-105.639.084 TVA Petalane. &#8211; marque d\u00e9pos\u00e9e sous le num\u00e9ro de marque 835469 Contacter info@petalane.chT\u00e9l\u00e9phone: +41 43 843 02 65 Plus d&rsquo;informations dans les [&hellip;]<\/p>\n","protected":false},"author":1,"featured_media":0,"parent":0,"menu_order":0,"comment_status":"closed","ping_status":"closed","template":"","meta":{"footnotes":""},"class_list":["post-6386","page","type-page","status-publish","hentry"],"aioseo_notices":[],"_links":{"self":[{"href":"https:\/\/petalane.ch\/fr\/wp-json\/wp\/v2\/pages\/6386","targetHints":{"allow":["GET"]}}],"collection":[{"href":"https:\/\/petalane.ch\/fr\/wp-json\/wp\/v2\/pages"}],"about":[{"href":"https:\/\/petalane.ch\/fr\/wp-json\/wp\/v2\/types\/page"}],"author":[{"embeddable":true,"href":"https:\/\/petalane.ch\/fr\/wp-json\/wp\/v2\/users\/1"}],"replies":[{"embeddable":true,"href":"https:\/\/petalane.ch\/fr\/wp-json\/wp\/v2\/comments?post=6386"}],"version-history":[{"count":4,"href":"https:\/\/petalane.ch\/fr\/wp-json\/wp\/v2\/pages\/6386\/revisions"}],"predecessor-version":[{"id":12166,"href":"https:\/\/petalane.ch\/fr\/wp-json\/wp\/v2\/pages\/6386\/revisions\/12166"}],"wp:attachment":[{"href":"https:\/\/petalane.ch\/fr\/wp-json\/wp\/v2\/media?parent=6386"}],"curies":[{"name":"wp","href":"https:\/\/api.w.org\/{rel}","templated":true}]}}