{"id":6481,"date":"2024-12-20T14:37:41","date_gmt":"2024-12-20T14:37:41","guid":{"rendered":"https:\/\/petalane.ch\/de-nous-2\/"},"modified":"2024-12-22T15:25:28","modified_gmt":"2024-12-22T15:25:28","slug":"de-nous","status":"publish","type":"page","link":"https:\/\/petalane.ch\/fr\/de-nous\/","title":{"rendered":"De nous"},"content":{"rendered":"<div class=\"wpb-content-wrapper\">[vc_row et_full_width=\u00a0\u00bbtrue\u00a0\u00bb et_row_padding=\u00a0\u00bbtrue\u00a0\u00bb full_height=\u00a0\u00bbyes\u00a0\u00bb columns_placement=\u00a0\u00bbstretch\u00a0\u00bb equal_height=\u00a0\u00bbyes\u00a0\u00bb content_placement=\u00a0\u00bbmiddle\u00a0\u00bb css=\u00a0\u00bb.vc_custom_1726569656925{padding-top: 80px !important;padding-bottom: 80px !important;background-color: #f4f4f4 !important;background-position: center !important;background-repeat: no-repeat !important;background-size: cover !important;}\u00a0\u00bb el_class=\u00a0\u00bbvideo-bg-row\u00a0\u00bb][vc_column][vc_row_inner et_max_width=\u00a0\u00bb\u00a0\u00bb equal_height=\u00a0\u00bbyes\u00a0\u00bb content_placement=\u00a0\u00bbmiddle\u00a0\u00bb css=\u00a0\u00bb.vc_custom_1562734895463{background-position: center !important;background-repeat: no-repeat !important;background-size: cover !important;}\u00a0\u00bb][vc_column_inner width=\u00a0\u00bb1\/2&Prime; css=\u00a0\u00bb.vc_custom_1726569397808{padding-top: 20% !important;padding-right: 20% !important;padding-bottom: 20% !important;padding-left: 20% !important;}\u00a0\u00bb][vc_column_text css=\u00a0\u00bb.vc_custom_1734654279600{margin-top: 30px !important;}\u00a0\u00bb animation=\u00a0\u00bbanimation bottom-to-top\u00a0\u00bb]\n<h1 style=\"text-align: center;\">De Petalane.<\/h1>\n<blockquote>\n<p style=\"text-align: center;\">Comment la passion d&rsquo;une personne est devenue p\u00e9talane.<\/p>\n<\/blockquote>\n[\/vc_column_text][\/vc_column_inner][\/vc_row_inner][vc_icon icon_fontawesome=\u00a0\u00bbfas fa-angle-double-down\u00a0\u00bb color=\u00a0\u00bbblack\u00a0\u00bb size=\u00a0\u00bblg\u00a0\u00bb align=\u00a0\u00bbcenter\u00a0\u00bb css=\u00a0\u00bb\u00a0\u00bb][\/vc_column][\/vc_row][vc_row et_full_width=\u00a0\u00bbtrue\u00a0\u00bb et_row_padding=\u00a0\u00bbtrue\u00a0\u00bb css=\u00a0\u00bb.vc_custom_1588128835660{padding-top: 60px !important;padding-bottom: 60px !important;}\u00a0\u00bb][vc_column][vc_row_inner content_placement=\u00a0\u00bbmiddle\u00a0\u00bb el_class=\u00a0\u00bbalign-center\u00a0\u00bb][vc_column_inner animation=\u00a0\u00bbanimation left-to-right\u00a0\u00bb offset=\u00a0\u00bbvc_col-md-7&Prime;][vc_single_image image=\u00a0\u00bb5915&Prime; img_size=\u00a0\u00bblarge\u00a0\u00bb css=\u00a0\u00bb\u00a0\u00bb][\/vc_column_inner][vc_column_inner animation=\u00a0\u00bbanimation right-to-left\u00a0\u00bb offset=\u00a0\u00bbvc_col-md-5&Prime; css=\u00a0\u00bb.vc_custom_1578532669392{padding-top: 40px !important;}\u00a0\u00bb][vc_column_text css=\u00a0\u00bb\u00a0\u00bb]\n<h5 class=\"fancy-title\"><\/h5>\n<h2>Participer<\/h2>\n<p>Ce qui a commenc\u00e9 comme une passion pour peindre la beaut\u00e9 d\u00e9licate des fleurs s&rsquo;est transform\u00e9e en quelque chose de vraiment sp\u00e9cial. Mon voyage artistique est devenu une marque de mode o\u00f9 l&rsquo;\u00e9l\u00e9gance de la nature se refl\u00e8te magnifiquement dans chaque design. Entrez dans mon monde et d\u00e9couvrez comment cette passion a inspir\u00e9 Petalane.[\/vc_column_text][\/vc_column_inner][vc_column_inner][\/vc_column_inner][\/vc_row_inner][\/vc_column][\/vc_row][vc_row et_full_width=\u00a0\u00bbtrue\u00a0\u00bb et_row_padding=\u00a0\u00bbtrue\u00a0\u00bb css=\u00a0\u00bb.vc_custom_1588129008197{padding-top: 80px !important;padding-bottom: 45px !important;background-color: #f2f2f2 !important;}\u00a0\u00bb][vc_column][vc_row_inner et_column_align=\u00a0\u00bbalign-center\u00a0\u00bb equal_height=\u00a0\u00bbyes\u00a0\u00bb el_class=\u00a0\u00bbalign-center\u00a0\u00bb][vc_column_inner animation=\u00a0\u00bbanimation bottom-to-top\u00a0\u00bb offset=\u00a0\u00bbvc_col-lg-5&Prime;][vc_column_text css=\u00a0\u00bb\u00a0\u00bb]\n<h5 class=\"fancy-title\" style=\"text-align: center;\">\u00c9tabli 2024<\/h5>\n<h2 style=\"text-align: center;\">L&rsquo;histoire<\/h2>\n[\/vc_column_text][\/vc_column_inner][\/vc_row_inner][vc_row_inner et_column_align=\u00a0\u00bbalign-center\u00a0\u00bb equal_height=\u00a0\u00bbyes\u00a0\u00bb el_class=\u00a0\u00bbalign-center\u00a0\u00bb][vc_column_inner animation=\u00a0\u00bbanimation bottom-to-top\u00a0\u00bb offset=\u00a0\u00bbvc_col-lg-4&Prime;][vc_column_text css=\u00a0\u00bb\u00a0\u00bb]Mon voyage dans le monde des fleurs a commenc\u00e9 avec un pinceau et une toile. Ce qui a commenc\u00e9 comme une simple poursuite artistique est rapidement devenue une profonde passion pour capturer la beaut\u00e9 d\u00e9licate des fleurs. Chaque coup de pinceau a donn\u00e9 vie \u00e0 l&rsquo;\u00e9l\u00e9gance des fleurs, r\u00e9v\u00e9lant leurs d\u00e9tails complexes et leurs couleurs vibrantes d&rsquo;une mani\u00e8re qui m&rsquo;a profond\u00e9ment touch\u00e9.[\/vc_column_text][\/vc_column_inner][vc_column_inner animation=\u00a0\u00bbanimation bottom-to-top\u00a0\u00bb offset=\u00a0\u00bbvc_col-lg-4&Prime;][vc_column_text css=\u00a0\u00bb\u00a0\u00bb]\u00c0 mesure que mon amour pour l&rsquo;art floral grandissait, j&rsquo;ai d\u00e9couvert une nouvelle fa\u00e7on de c\u00e9l\u00e9brer cette beaut\u00e9: par la mode. J&rsquo;ai commenc\u00e9 \u00e0 imaginer comment la gr\u00e2ce et l&rsquo;attrait des fleurs pouvaient \u00eatre traduits en designs \u00e9l\u00e9gants et portables. Cette fusion de l&rsquo;art et du style a conduit \u00e0 la cr\u00e9ation de Petalane, o\u00f9 chaque pi\u00e8ce est inspir\u00e9e par la beaut\u00e9 intemporelle des fleurs. Chaque pi\u00e8ce raconte une histoire et incarne l&rsquo;\u00e9l\u00e9gance et la sophistication que les fleurs repr\u00e9sentent.[\/vc_column_text][\/vc_column_inner][\/vc_row_inner][\/vc_column][\/vc_row][vc_row et_full_width=\u00a0\u00bbtrue\u00a0\u00bb et_row_padding=\u00a0\u00bbtrue\u00a0\u00bb css=\u00a0\u00bb.vc_custom_1588128887000{padding-top: 60px !important;padding-bottom: 60px !important;}\u00a0\u00bb][vc_column][vc_row_inner content_placement=\u00a0\u00bbmiddle\u00a0\u00bb el_class=\u00a0\u00bbalign-center\u00a0\u00bb][vc_column_inner el_class=\u00a0\u00bbsmall-order-2 medium-order-1&Prime; animation=\u00a0\u00bbanimation left-to-right\u00a0\u00bb offset=\u00a0\u00bbvc_col-md-5&Prime; css=\u00a0\u00bb.vc_custom_1578532746105{padding-top: 40px !important;}\u00a0\u00bb][vc_column_text css=\u00a0\u00bb\u00a0\u00bb]\n<h5 class=\"fancy-title\">Notre avenir<\/h5>\n<h2>En avant<\/h2>\n<p>Chez Petalane, notre voyage ne fait que commencer. Nous sommes ravis de l&rsquo;avenir et avons de grands projets \u00e0 l&rsquo;horizon. Restez \u00e0 l&rsquo;\u00e9coute pour des nouvelles passionnantes et de nouvelles collections alors que nous continuons \u00e0 \u00e9voluer et \u00e0 grandir. Nous nous engageons \u00e0 vous apporter encore plus de beaut\u00e9 et d&rsquo;\u00e9l\u00e9gance gr\u00e2ce \u00e0 nos collections en \u00e9volution et nous avons h\u00e2te de partager ces nouveaux chapitres de notre voyage avec vous. Merci d&rsquo;avoir fait partie de notre histoire. Le meilleur reste \u00e0 venir![\/vc_column_text]\n\t<div id=\"et-counter-69eb5dc02f4ee\" class=\"et-counter animation bottom-to-top counter-color-dark icon-color- text-color- counter-left\" >\n\t\t\t\t\t<div class=\"counter-container\">\n\t\t\t\t\t\t\t\t\t<div class=\"h1\" data-count=\"1\" data-speed=\"2000\">0<\/div>\n\t\t\t\t\t\t\t\t\t\t\t<\/div>\n\t\t\t\t\t\t\t<div class=\"description\"><p>Jahr<\/p><\/div>\n\t\t\t\t\t\t\t\t\t\t\n\t<\/div>\n\t[\/vc_column_inner][\/vc_row_inner][\/vc_column][\/vc_row][vc_row css=\u00a0\u00bb.vc_custom_1579114565104{padding-top: 60px !important;padding-bottom: 60px !important;}\u00a0\u00bb][vc_column width=\u00a0\u00bb1\/4&Prime;][vc_column_text css=\u00a0\u00bb\u00a0\u00bb animation=\u00a0\u00bbanimation left-to-right\u00a0\u00bb]\n<h5 class=\"fancy-title\">Fondatrice<\/h5>\n<h2>Le visage derri\u00e8re Petalane.<\/h2>\n[\/vc_column_text][\/vc_column][vc_column width=\u00a0\u00bb1\/4&Prime;]  <div class=\"et-team-member animation bottom-to-top\">\n  \t<div class=\"et-team-member-image default\">\n\t  \t<figure style=\"background-image:url('https:\/\/petalane.ch\/wp-content\/uploads\/2024\/12\/Petalane_Founder-768x1024.jpg')\">\n\t\t \t\t<div class=\"overlay\">\n\t\t\t\t\t<div class=\"et-member-social\">\n\t\t\t\t\t\t\t\t\t\t\t\t\t\t\t\t\t\t\t\t\t\t\t\t\t\t\t\t\t\t\t\t\t\t\t\t\t\t\t\t\t<\/div>\n\t\t\t\t<\/div>\n\t  \t<\/figure>\n\t\t<\/div>\n\t\t<div class=\"et-member-information\">\n\t\t\t\t\t\t\t<h5>Alicia Wyss<\/h5>\n\t\t\t\t  \t  \t<\/div>\n\t<\/div>\n  [\/vc_column][\/vc_row]\n<\/div>","protected":false},"excerpt":{"rendered":"<p>[vc_row et_full_width=\u00a0\u00bbtrue\u00a0\u00bb et_row_padding=\u00a0\u00bbtrue\u00a0\u00bb full_height=\u00a0\u00bbyes\u00a0\u00bb columns_placement=\u00a0\u00bbstretch\u00a0\u00bb equal_height=\u00a0\u00bbyes\u00a0\u00bb content_placement=\u00a0\u00bbmiddle\u00a0\u00bb css=\u00a0\u00bb.vc_custom_1726569656925{padding-top: 80px !important;padding-bottom: 80px !important;background-color: #f4f4f4 !important;background-position: center !important;background-repeat: no-repeat !important;background-size: cover !important;}\u00a0\u00bb el_class=\u00a0\u00bbvideo-bg-row\u00a0\u00bb][vc_column][vc_row_inner et_max_width=\u00a0\u00bb\u00a0\u00bb equal_height=\u00a0\u00bbyes\u00a0\u00bb content_placement=\u00a0\u00bbmiddle\u00a0\u00bb css=\u00a0\u00bb.vc_custom_1562734895463{background-position: center !important;background-repeat: no-repeat !important;background-size: cover !important;}\u00a0\u00bb][vc_column_inner width=\u00a0\u00bb1\/2&Prime; css=\u00a0\u00bb.vc_custom_1726569397808{padding-top: 20% !important;padding-right: 20% !important;padding-bottom: 20% !important;padding-left: 20% !important;}\u00a0\u00bb][vc_column_text css=\u00a0\u00bb.vc_custom_1734654279600{margin-top: 30px !important;}\u00a0\u00bb animation=\u00a0\u00bbanimation bottom-to-top\u00a0\u00bb] De Petalane. Comment la [&hellip;]<\/p>\n","protected":false},"author":1,"featured_media":0,"parent":0,"menu_order":0,"comment_status":"closed","ping_status":"closed","template":"","meta":{"footnotes":""},"class_list":["post-6481","page","type-page","status-publish","hentry"],"aioseo_notices":[],"_links":{"self":[{"href":"https:\/\/petalane.ch\/fr\/wp-json\/wp\/v2\/pages\/6481","targetHints":{"allow":["GET"]}}],"collection":[{"href":"https:\/\/petalane.ch\/fr\/wp-json\/wp\/v2\/pages"}],"about":[{"href":"https:\/\/petalane.ch\/fr\/wp-json\/wp\/v2\/types\/page"}],"author":[{"embeddable":true,"href":"https:\/\/petalane.ch\/fr\/wp-json\/wp\/v2\/users\/1"}],"replies":[{"embeddable":true,"href":"https:\/\/petalane.ch\/fr\/wp-json\/wp\/v2\/comments?post=6481"}],"version-history":[{"count":0,"href":"https:\/\/petalane.ch\/fr\/wp-json\/wp\/v2\/pages\/6481\/revisions"}],"wp:attachment":[{"href":"https:\/\/petalane.ch\/fr\/wp-json\/wp\/v2\/media?parent=6481"}],"curies":[{"name":"wp","href":"https:\/\/api.w.org\/{rel}","templated":true}]}}