{"id":10578,"date":"2025-06-24T21:57:03","date_gmt":"2025-06-24T19:57:03","guid":{"rendered":"https:\/\/petalane.ch\/?post_type=product&#038;p=10578"},"modified":"2025-12-23T14:46:31","modified_gmt":"2025-12-23T13:46:31","slug":"top-soutien-gorge-elva-3-couleurs","status":"publish","type":"product","link":"https:\/\/petalane.ch\/fr\/produkt\/top-soutien-gorge-elva-3-couleurs\/","title":{"rendered":"Top soutien-gorge \u00ab Elva \u00bb &#8211; 3 couleurs"},"content":{"rendered":"<p>Le haut de soutien-gorge \u00ab\u00a0Elva\u00a0\u00bb associe une fonctionnalit\u00e9 simple \u00e0 un confort \u00e9l\u00e9gant. La coupe douce et sans couture et les coussinets int\u00e9gr\u00e9s (soutien-gorge) offrent un maintien en douceur, tandis que les fines bretelles donnent au design un aspect l\u00e9ger et moderne. Que ce soit un top d&rsquo;\u00e9t\u00e9 a\u00e9r\u00e9 ou une pi\u00e8ce pratique \u00e0 superposer en hiver, Elva s&rsquo;adapte \u00e0 votre quotidien.  <\/p>\n<p>Un haut de soutien-gorge avec coussinets int\u00e9gr\u00e9s &#8211; super stretch, doux sur la peau et s&rsquo;adaptant parfaitement \u00e0 votre corps. Les coussinets s&rsquo;\u00e9tirent avec le tissu et restent l\u00e0 o\u00f9 ils doivent \u00eatre, sans glisser. Id\u00e9al pour tous les jours.  <\/p>\n<p><strong>D\u00e9tails du produit<\/strong><\/p>\n<ul>\n<li>Coussinets int\u00e9gr\u00e9s (soutien-gorge)<\/li>\n<li>Conception sans couture<\/li>\n<li>Le soutien-gorge sans armatures<\/li>\n<li>Facilement modelant<\/li>\n<li>Ultra doux &amp; respirant<\/li>\n<li>Structure nervur\u00e9e avec finition soyeuse<\/li>\n<li>Bretelles non r\u00e9glables<\/li>\n<li>Lavable en machine \u00e0 30 degr\u00e9s<\/li>\n<\/ul>\n<p><strong>Instructions de lavage:<\/strong><br \/>\n<img loading=\"lazy\" decoding=\"async\" class=\"alignnone wp-image-6743\" src=\"https:\/\/petalane.ch\/wp-content\/uploads\/2024\/12\/wash_dahlia-300x108.jpg\" alt=\"Petalane Instructions de soins Soutien-gorge Rosalia\" width=\"170\" height=\"61\" srcset=\"https:\/\/petalane.ch\/wp-content\/uploads\/2024\/12\/wash_dahlia-300x108.jpg 300w, https:\/\/petalane.ch\/wp-content\/uploads\/2024\/12\/wash_dahlia-150x54.jpg 150w, https:\/\/petalane.ch\/wp-content\/uploads\/2024\/12\/wash_dahlia.jpg 418w\" sizes=\"auto, (max-width: 170px) 100vw, 170px\" \/><\/p>\n<p><strong>Mat\u00e9riel :<\/strong><\/p>\n<p>77,9% nylon, 22,1% \u00e9lasthanne<\/p>\n","protected":false},"excerpt":{"rendered":"<p>Top soutien-gorge \u00ab\u00a0Elva\u00a0\u00bb 3 couleurs &#8211; un top \u00e0 bretelles confortable avec coussinets int\u00e9gr\u00e9s (soutien-gorge). Id\u00e9al comme top d&rsquo;\u00e9t\u00e9 l\u00e9ger ou sous-v\u00eatement agr\u00e9able en hiver.  Choisissez entre 3 couleurs.<\/p>\n<p>Disponible en deux tailles :<\/p>\n<ul>\n<li>Petite taille : 32-34, sous-poitrine 70-75<\/li>\n<li>Grande taille : 36.38, sous-poitrine 80-85<\/li>\n<li>Suppl\u00e9ment : extensible &#8211; convient \u00e9galement aux tailles plus grandes<\/li>\n<\/ul>\n<p>Gr\u00e2ce \u00e0 l&rsquo;\u00e9lasticit\u00e9 du mat\u00e9riau, il est agr\u00e9able et flexible, m\u00eame pour les tailles de v\u00eatements plus grandes. Les coussinets s \u00bb \u00e9tirent avec le tissu et restent l\u00e0 o\u00f9 ils doivent \u00eatre. <\/p>\n","protected":false},"featured_media":10620,"template":"","meta":[],"product_brand":[],"product_cat":[264,126],"product_tag":[272,236,271,273],"class_list":{"0":"post-10578","1":"product","2":"type-product","3":"status-publish","4":"has-post-thumbnail","6":"product_cat-essentiels","7":"product_cat-soutien-gorge-de-base","8":"product_tag-essentiels","9":"product_tag-soutien-gorge-confort","10":"product_tag-top-a-bretelles","11":"product_tag-top-soutien-gorge","13":"first","14":"instock","15":"taxable","16":"shipping-taxable","17":"purchasable","18":"product-type-variable","19":"has-default-attributes"},"aioseo_notices":[],"_links":{"self":[{"href":"https:\/\/petalane.ch\/fr\/wp-json\/wp\/v2\/product\/10578","targetHints":{"allow":["GET"]}}],"collection":[{"href":"https:\/\/petalane.ch\/fr\/wp-json\/wp\/v2\/product"}],"about":[{"href":"https:\/\/petalane.ch\/fr\/wp-json\/wp\/v2\/types\/product"}],"wp:featuredmedia":[{"embeddable":true,"href":"https:\/\/petalane.ch\/fr\/wp-json\/wp\/v2\/media\/10620"}],"wp:attachment":[{"href":"https:\/\/petalane.ch\/fr\/wp-json\/wp\/v2\/media?parent=10578"}],"wp:term":[{"taxonomy":"product_brand","embeddable":true,"href":"https:\/\/petalane.ch\/fr\/wp-json\/wp\/v2\/product_brand?post=10578"},{"taxonomy":"product_cat","embeddable":true,"href":"https:\/\/petalane.ch\/fr\/wp-json\/wp\/v2\/product_cat?post=10578"},{"taxonomy":"product_tag","embeddable":true,"href":"https:\/\/petalane.ch\/fr\/wp-json\/wp\/v2\/product_tag?post=10578"}],"curies":[{"name":"wp","href":"https:\/\/api.w.org\/{rel}","templated":true}]}}