{"id":10742,"date":"2025-06-26T13:28:24","date_gmt":"2025-06-26T11:28:24","guid":{"rendered":"https:\/\/petalane.ch\/?post_type=product&#038;p=10742"},"modified":"2025-06-26T13:28:24","modified_gmt":"2025-06-26T11:28:24","slug":"caches-tetons-lune-4-couleurs","status":"publish","type":"product","link":"https:\/\/petalane.ch\/fr\/produkt\/caches-tetons-lune-4-couleurs\/","title":{"rendered":"Caches-t\u00e9tons \u00ab\u00a0Lune\u00a0\u00bb &#8211; 4 couleurs"},"content":{"rendered":"<p>Les caches-t\u00e9tons \u00ab\u00a0Lune\u00a0\u00bb ont \u00e9t\u00e9 con\u00e7us pour \u00eatre invisibles et s\u00fbrs. Ils sont respirants, sans coutures et souples &#8211; parfaits pour les jours o\u00f9 vous ne voulez pas porter de soutien-gorge, mais o\u00f9 vous voulez quand m\u00eame une couverture discr\u00e8te. La surface en silicone ultrafine s&rsquo;adapte \u00e0 votre peau, est r\u00e9utilisable et agr\u00e9able \u00e0 porter.  <\/p>\n<p>Votre compagnon invisible pour tous les jours, pour les affaires ou les \u00e9v\u00e9nements. Id\u00e9al sous les tops sans soutien-gorge, les robes dos-nus. <\/p>\n<p><strong>Couleurs :<\/strong><\/p>\n<ul>\n<li>Beige clair &#8211; une teinte de peau douce et claire pour un look naturel sur les peaux claires.<\/li>\n<li>Beige &#8211; une teinte beige dor\u00e9e pour les teints moyens.<\/li>\n<li>Marron &#8211; une teinte brune chaude qui s&rsquo;adapte harmonieusement aux peaux plus fonc\u00e9es.<\/li>\n<li>Marron fonc\u00e9 &#8211; une teinte profonde et riche pour un look discret sur une peau tr\u00e8s fonc\u00e9e.<\/li>\n<\/ul>\n<p><strong>D\u00e9tails du produit<\/strong><\/p>\n<ul>\n<li>Sans couture et invisible sous les v\u00eatements<\/li>\n<li>En silicone souple et respirant<\/li>\n<li>R\u00e9utilisable et lavable \u00e0 la main<\/li>\n<li>Antid\u00e9rapant et agr\u00e9able \u00e0 porter<\/li>\n<li>Taille unique<\/li>\n<li>Forme : Rond (diam\u00e8tre d&rsquo;environ 7 cm)<\/li>\n<li>Confort de port sans glissement ni marques<\/li>\n<li>Recommand\u00e9 pour un usage quotidien ou sous des tenues moulantes<\/li>\n<li>Poids de l&rsquo;ensemble : environ 120 gr<\/li>\n<\/ul>\n<p><strong>Application :<\/strong><\/p>\n<p><em>Appliquez le produit<\/em><strong>: <\/strong>Veillez \u00e0 ce que la peau soit exempte d&rsquo;huile ou de poudre. Retirez le film protecteur et collez le t\u00e9ton sur le mamelon (conservez le film). <\/p>\n<p><em>Retrait : <\/em>D\u00e9collez du mamelon et replacez le film protecteur sur la face adh\u00e9sive dans le t\u00e9ton. Cela permet de conserver l&rsquo;effet adh\u00e9sif et de r\u00e9utiliser le produit. <\/p>\n<p><strong>Mat\u00e9riel :<\/strong><\/p>\n<ul>\n<li>100% silicone (gel de silice)<\/li>\n<\/ul>\n<p><strong>Instructions de lavage:<\/strong><\/p>\n<ul>\n<li>Laver uniquement \u00e0 la main et \u00e0 l&rsquo;eau ti\u00e8de et l\u00e9g\u00e8rement savonneuse.<\/li>\n<li>S\u00e9cher \u00e0 l&rsquo;air libre<\/li>\n<li>Pas de s\u00e8che-linge, pas d&rsquo;exposition directe au soleil<\/li>\n<\/ul>\n<p><strong>Informations suppl\u00e9mentaires :<\/strong><\/p>\n<ul>\n<li>R\u00e9utilisable jusqu&rsquo;\u00e0 20 fois (avec un entretien ad\u00e9quat)<\/li>\n<li>Livraison dans un emballage sobre et hygi\u00e9nique<\/li>\n<li>Comme il s&rsquo;agit d&rsquo;un article d&rsquo;hygi\u00e8ne, les emballages ouverts ne peuvent pas \u00eatre \u00e9chang\u00e9s ou rembours\u00e9s.<\/li>\n<\/ul>\n","protected":false},"excerpt":{"rendered":"<p>Nos caches-t\u00e9tons r\u00e9utilisables \u00ab\u00a0Lune\u00a0\u00bb sont tr\u00e8s fins, doux pour la peau et parfaits pour les looks sans soutien-gorge. Ils s&rsquo;adaptent \u00e0 votre peau, ne marquent pas et vous donnent une sensation naturelle et libre &#8211; id\u00e9al pour les tissus fins, sous les hauts sans soutien-gorge ou les tenues d\u00e9collet\u00e9es. <\/p>\n","protected":false},"featured_media":11554,"template":"","meta":[],"product_brand":[],"product_cat":[264],"product_tag":[278,279],"class_list":{"0":"post-10742","1":"product","2":"type-product","3":"status-publish","4":"has-post-thumbnail","6":"product_cat-essentiels","7":"product_tag-caches-tetons","8":"product_tag-caches-tetons-fr","10":"first","11":"instock","12":"taxable","13":"shipping-taxable","14":"purchasable","15":"product-type-variable","16":"has-default-attributes"},"aioseo_notices":[],"_links":{"self":[{"href":"https:\/\/petalane.ch\/fr\/wp-json\/wp\/v2\/product\/10742","targetHints":{"allow":["GET"]}}],"collection":[{"href":"https:\/\/petalane.ch\/fr\/wp-json\/wp\/v2\/product"}],"about":[{"href":"https:\/\/petalane.ch\/fr\/wp-json\/wp\/v2\/types\/product"}],"wp:featuredmedia":[{"embeddable":true,"href":"https:\/\/petalane.ch\/fr\/wp-json\/wp\/v2\/media\/11554"}],"wp:attachment":[{"href":"https:\/\/petalane.ch\/fr\/wp-json\/wp\/v2\/media?parent=10742"}],"wp:term":[{"taxonomy":"product_brand","embeddable":true,"href":"https:\/\/petalane.ch\/fr\/wp-json\/wp\/v2\/product_brand?post=10742"},{"taxonomy":"product_cat","embeddable":true,"href":"https:\/\/petalane.ch\/fr\/wp-json\/wp\/v2\/product_cat?post=10742"},{"taxonomy":"product_tag","embeddable":true,"href":"https:\/\/petalane.ch\/fr\/wp-json\/wp\/v2\/product_tag?post=10742"}],"curies":[{"name":"wp","href":"https:\/\/api.w.org\/{rel}","templated":true}]}}