{"id":10783,"date":"2025-06-26T15:34:32","date_gmt":"2025-06-26T13:34:32","guid":{"rendered":"https:\/\/petalane.ch\/?post_type=product&#038;p=10783"},"modified":"2025-06-26T15:34:32","modified_gmt":"2025-06-26T13:34:32","slug":"soutien-gorge-adhesif-mira-4-couleurs","status":"publish","type":"product","link":"https:\/\/petalane.ch\/fr\/produkt\/soutien-gorge-adhesif-mira-4-couleurs\/","title":{"rendered":"Soutien-gorge adh\u00e9sif \u00ab\u00a0Mira\u00a0\u00bb &#8211; 4 couleurs"},"content":{"rendered":"<p>Le soutien-gorge adh\u00e9sif \u00ab\u00a0Mira\u00a0\u00bb est votre compagnon discret pour les tenues sp\u00e9ciales. Sa conception innovante avec une surface adh\u00e9sive double face adh\u00e8re d\u00e9licatement \u00e0 la poitrine et aux v\u00eatements &#8211; sans bretelles, sans armatures, sans restrictions. Il s&rsquo;adapte \u00e0 la forme de votre poitrine, reste invisible sous les tissus et est r\u00e9utilisable. Parfait pour les d\u00e9collet\u00e9s plongeants ou les dos nus, les robes d&rsquo;\u00e9t\u00e9 ou les \u00e9v\u00e9nements. Fonctionne \u00e9galement avec les maillots de bain.    <\/p>\n<p><strong>D\u00e9tails du produit<\/strong><\/p>\n<ul>\n<li>Effet adh\u00e9sif double face (int\u00e9rieur &amp; ext\u00e9rieur)<\/li>\n<li>Conception sans couture et auto-adh\u00e9sive<\/li>\n<li>Invisible sous les v\u00eatements<\/li>\n<li>Respirant &amp; l\u00e9ger<\/li>\n<li>Effet push-up gr\u00e2ce \u00e0 une mise en forme douce<\/li>\n<li>Emball\u00e9 individuellement<\/li>\n<li>Disponible en quatre teintes de peau<\/li>\n<li>Mat\u00e9riau : 100% silicone<\/li>\n<li>Entretien : lavage \u00e0 la main uniquement, s\u00e9chage \u00e0 l&rsquo;air libre<\/li>\n<li>Poids : 150 gr (paire)<\/li>\n<li>Taille de l&#8217;emballage : 21 x 15 x 4 cm<\/li>\n<\/ul>\n<p><strong>Instructions de lavage:<\/strong><\/p>\n<ul>\n<li>Nettoyage manuel \u00e0 l&rsquo;eau ti\u00e8de et au savon doux apr\u00e8s chaque utilisation<\/li>\n<li>S\u00e9chage \u00e0 l&rsquo;air (ne pas s\u00e9cher avec un chiffon)<\/li>\n<li>Ne pas plier ou comprimer<\/li>\n<li>Recouvrir les surfaces adh\u00e9sives d&rsquo;un film pour les prot\u00e9ger<\/li>\n<\/ul>\n<p><strong>Application :<\/strong><\/p>\n<p><em>Appliquez le produit<\/em><strong>: <\/strong>Veillez \u00e0 ce que la peau soit exempte d&rsquo;huile ou de poudre. Retirez le film protecteur et collez le soutien-gorge adh\u00e9sif sur la poitrine (conservez le film). <\/p>\n<p><em>Retrait : <\/em>D\u00e9collez du sein et remettez le film protecteur sur les c\u00f4t\u00e9s adh\u00e9sifs dans le soutien-gorge adh\u00e9sif. Ainsi, l&rsquo;effet adh\u00e9sif est maintenu et le produit est r\u00e9utilisable. <\/p>\n<p><strong>Informations suppl\u00e9mentaires :<\/strong><\/p>\n<ul>\n<li>R\u00e9utilisable jusqu&rsquo;\u00e0 20 fois (avec un entretien ad\u00e9quat).<\/li>\n<li>Livr\u00e9 dans un \u00e9tui de rangement sobre pour un stockage hygi\u00e9nique.<\/li>\n<li>Comme il s&rsquo;agit d&rsquo;un article d&rsquo;hygi\u00e8ne, les emballages ouverts ne peuvent pas \u00eatre \u00e9chang\u00e9s ou rembours\u00e9s.<\/li>\n<\/ul>\n<p>&nbsp;<\/p>\n","protected":false},"excerpt":{"rendered":"<p>Un soutien-gorge adh\u00e9sif sans couture en silicone avec une surface adh\u00e9sive double face &#8211; id\u00e9al pour les dos ouverts, les looks sans bretelles et les v\u00eatements d&rsquo;\u00e9t\u00e9 l\u00e9gers. Disponible en 4 tons chair naturels. <\/p>\n","protected":false},"featured_media":10805,"template":"","meta":[],"product_brand":[],"product_cat":[264],"product_tag":[233,282],"class_list":{"0":"post-10783","1":"product","2":"type-product","3":"status-publish","4":"has-post-thumbnail","6":"product_cat-essentiels","7":"product_tag-push-up-fr","8":"product_tag-soutien-gorge-a-coller","10":"first","11":"instock","12":"taxable","13":"shipping-taxable","14":"purchasable","15":"product-type-variable","16":"has-default-attributes"},"aioseo_notices":[],"_links":{"self":[{"href":"https:\/\/petalane.ch\/fr\/wp-json\/wp\/v2\/product\/10783","targetHints":{"allow":["GET"]}}],"collection":[{"href":"https:\/\/petalane.ch\/fr\/wp-json\/wp\/v2\/product"}],"about":[{"href":"https:\/\/petalane.ch\/fr\/wp-json\/wp\/v2\/types\/product"}],"wp:featuredmedia":[{"embeddable":true,"href":"https:\/\/petalane.ch\/fr\/wp-json\/wp\/v2\/media\/10805"}],"wp:attachment":[{"href":"https:\/\/petalane.ch\/fr\/wp-json\/wp\/v2\/media?parent=10783"}],"wp:term":[{"taxonomy":"product_brand","embeddable":true,"href":"https:\/\/petalane.ch\/fr\/wp-json\/wp\/v2\/product_brand?post=10783"},{"taxonomy":"product_cat","embeddable":true,"href":"https:\/\/petalane.ch\/fr\/wp-json\/wp\/v2\/product_cat?post=10783"},{"taxonomy":"product_tag","embeddable":true,"href":"https:\/\/petalane.ch\/fr\/wp-json\/wp\/v2\/product_tag?post=10783"}],"curies":[{"name":"wp","href":"https:\/\/api.w.org\/{rel}","templated":true}]}}