{"id":11344,"date":"2024-09-11T14:32:26","date_gmt":"2024-09-11T14:32:26","guid":{"rendered":"https:\/\/petalane.ch\/produkt\/soutien-gorge-calla-4-couleurs\/"},"modified":"2025-09-11T12:36:36","modified_gmt":"2025-09-11T10:36:36","slug":"soutien-gorge-calla-4-couleurs","status":"publish","type":"product","link":"https:\/\/petalane.ch\/fr\/produkt\/soutien-gorge-calla-4-couleurs\/","title":{"rendered":"Soutien-gorge \u00ab\u00a0Calla\u00a0\u00bb &#8211; 4 couleurs"},"content":{"rendered":"<p>Le soutien-gorge Calla est synonyme de confort simple et d&rsquo;\u00e9l\u00e9gance intemporelle. Sa coupe douce et ajust\u00e9e assure un ajustement confortable, tandis que le design minimaliste souligne la beaut\u00e9 naturelle. Un compagnon fiable au quotidien.  <\/p>\n<p><strong>Pour choisir la bonne taille de soutien-gorge \u00ab\u00a0Calla\u00a0\u00bb :<\/strong><br \/>\n1\u00e8re \u00e9tape : mesurer le haut du buste<br \/>\n2\u00e8me \u00e9tape : mesurer le bas du buste. \u00c9tape : Mesurer le tour de sous-poitrine<br \/>\n3. \u00c9tape : Calculer la diff\u00e9rence entre les deux largeurs<br \/>\n4. \u00c9tape : Consultez le tableau pour savoir quel bonnet vous convient en fonction de votre tour de sous-poitrine et de la diff\u00e9rence.<\/p>\n<p>Si vous n&rsquo;\u00eates pas s\u00fbre, prenez une taille de soutien-gorge plus grande.<\/p>\n<div class=\"responsive-table\">\n<table class=\"size-table\">\n<thead>\n<tr>\n<th>Tour de poitrine (UBW)<\/th>\n<th>Poitrine (OW)<\/th>\n<th>Diff\u00e9rence OW &#8211; UBW<\/th>\n<th>Taille du soutien-gorge<\/th>\n<\/tr>\n<\/thead>\n<tbody>\n<tr>\n<td>68 cm &#8211; 72 cm<\/td>\n<td>78 cm &#8211; 84 cm<\/td>\n<td>10 cm &#8211; 11 cm = bonnet AA-A<\/td>\n<td>70 AA-A<\/td>\n<\/tr>\n<tr>\n<td>70 cm &#8211; 75 cm<\/td>\n<td>83 cm &#8211; 86 cm<\/td>\n<td>12 cm &#8211; 13 cm = bonnet A<\/td>\n<td>75 A<\/td>\n<\/tr>\n<tr>\n<td>73 cm &#8211; 80 cm<\/td>\n<td>86 cm &#8211; 94 cm<\/td>\n<td>13 cm &#8211; 14 cm = bonnet B<\/td>\n<td>80 B<\/td>\n<\/tr>\n<tr>\n<td>76 cm &#8211; 85 cm<\/td>\n<td>91 cm &#8211; 100 cm<\/td>\n<td>15 cm &#8211; 16 cm = bonnet C<\/td>\n<td>85 C<\/td>\n<\/tr>\n<\/tbody>\n<\/table>\n<\/div>\n<div class=\"product-video\">\n<p><strong>Calla &#8211; comment trouver votre taille de soutien-gorge<\/strong><\/p>\n<div style=\"position: relative; padding-bottom: 56.25%; height: 0; overflow: hidden; max-width: 100%; background: #000;\"><iframe style=\"position: absolute; top: 0; left: 0; width: 100%; height: 100%;\" src=\"https:\/\/www.youtube.com\/embed\/5hQHMQnuimE\" frameborder=\"0\" allowfullscreen=\"allowfullscreen\"><span style=\"display: inline-block; width: 0px; overflow: hidden; line-height: 0;\" data-mce-type=\"bookmark\" class=\"mce_SELRES_start\"><\/span><br \/>\n<\/iframe><\/div>\n<p style=\"margin-top: 10px; font-size: 14px; color: #555;\">Dans cette vid\u00e9o, je vous explique comment trouver rapidement le soutien-gorge Calla qui vous convient le mieux.<\/p>\n<p><strong>D\u00e9tails du produit<\/strong><\/p>\n<ul>\n<li>Demi Cup \/ Push-up soutien-gorge<\/li>\n<li>4 couleurs disponibles<\/li>\n<li>cup de soutien-gorge rembourr\u00e9<\/li>\n<li>Le soutien-gorge sans armatures<\/li>\n<li>Aspect soyeux mat<\/li>\n<li>Avec des bretelles r\u00e9glables d\u00e9coratives<\/li>\n<li>Soutien-gorge fermeture \u00e0 crochet , r\u00e9glable dans les quatre sens<\/li>\n<li>avec une forte proportion de coton, le soutien-gorge est particuli\u00e8rement agr\u00e9able sur la peau.<\/li>\n<li>Notre mod\u00e8le porte la taille de soutien-gorge 70 AA-A<\/li>\n<li>Lavage \u00e0 la main uniquement, ne convient pas au s\u00e8che-linge.<\/li>\n<\/ul>\n<p>&nbsp;<\/p>\n<p>Instructions de lavage:<br \/>\n<img loading=\"lazy\" decoding=\"async\" class=\"alignnone wp-image-6732\" src=\"https:\/\/petalane.ch\/wp-content\/uploads\/2024\/12\/wash_jasmin-3-300x88.jpg\" alt=\"Instructions de lavage soutien-gorge Calla\" width=\"204\" height=\"60\" srcset=\"https:\/\/petalane.ch\/wp-content\/uploads\/2024\/12\/wash_jasmin-3-300x88.jpg 300w, https:\/\/petalane.ch\/wp-content\/uploads\/2024\/12\/wash_jasmin-3-150x44.jpg 150w, https:\/\/petalane.ch\/wp-content\/uploads\/2024\/12\/wash_jasmin-3-450x131.jpg 450w, https:\/\/petalane.ch\/wp-content\/uploads\/2024\/12\/wash_jasmin-3.jpg 514w\" sizes=\"auto, (max-width: 204px) 100vw, 204px\" \/><\/p>\n<p>Mat\u00e9riel:<br \/>\nMat\u00e9riau de l&rsquo;int\u00e9rieur du bonnet: 82% Coton, 18% \u00c9lasthanne<br \/>\naile lat\u00e9rale: 60% Coton, 40% \u00c9lasthanne<\/p>\n<p>&nbsp;<\/p>\n<\/div>\n","protected":false},"excerpt":{"rendered":"<p>Un soutien-gorge confortable, sp\u00e9cialement con\u00e7u pour les poitrines petites \u00e0 moyennes, qui sculpte une silhouette naturelle. Choisissez parmi 4 couleurs.<\/p>\n","protected":false},"featured_media":14327,"template":"","meta":[],"product_brand":[267],"product_cat":[126],"product_tag":[234,233,236],"class_list":{"0":"post-11344","1":"product","2":"type-product","3":"status-publish","4":"has-post-thumbnail","6":"product_brand-petalane","7":"product_cat-soutien-gorge-de-base","8":"product_tag-demi-cup","9":"product_tag-push-up-fr","10":"product_tag-soutien-gorge-confort","12":"first","13":"instock","14":"taxable","15":"shipping-taxable","16":"purchasable","17":"product-type-variable","18":"has-default-attributes"},"aioseo_notices":[],"_links":{"self":[{"href":"https:\/\/petalane.ch\/fr\/wp-json\/wp\/v2\/product\/11344","targetHints":{"allow":["GET"]}}],"collection":[{"href":"https:\/\/petalane.ch\/fr\/wp-json\/wp\/v2\/product"}],"about":[{"href":"https:\/\/petalane.ch\/fr\/wp-json\/wp\/v2\/types\/product"}],"wp:featuredmedia":[{"embeddable":true,"href":"https:\/\/petalane.ch\/fr\/wp-json\/wp\/v2\/media\/14327"}],"wp:attachment":[{"href":"https:\/\/petalane.ch\/fr\/wp-json\/wp\/v2\/media?parent=11344"}],"wp:term":[{"taxonomy":"product_brand","embeddable":true,"href":"https:\/\/petalane.ch\/fr\/wp-json\/wp\/v2\/product_brand?post=11344"},{"taxonomy":"product_cat","embeddable":true,"href":"https:\/\/petalane.ch\/fr\/wp-json\/wp\/v2\/product_cat?post=11344"},{"taxonomy":"product_tag","embeddable":true,"href":"https:\/\/petalane.ch\/fr\/wp-json\/wp\/v2\/product_tag?post=11344"}],"curies":[{"name":"wp","href":"https:\/\/api.w.org\/{rel}","templated":true}]}}