{"id":11417,"date":"2024-09-11T15:10:58","date_gmt":"2024-09-11T15:10:58","guid":{"rendered":"https:\/\/petalane.ch\/produkt\/ensemble-soutien-gorge-en-dentelle-lily-3-couleurs\/"},"modified":"2026-03-14T23:26:43","modified_gmt":"2026-03-14T22:26:43","slug":"ensemble-soutien-gorge-en-dentelle-lily-3-couleurs","status":"publish","type":"product","link":"https:\/\/petalane.ch\/fr\/produkt\/ensemble-soutien-gorge-en-dentelle-lily-3-couleurs\/","title":{"rendered":"Ensemble soutien-gorge en dentelle \u00ab\u00a0Lily\u00a0\u00bb &#8211; 3 couleurs"},"content":{"rendered":"<p>La conception des fleurs avec une belle dentelle donne au Set Lily une \u00e9l\u00e9gance romantique et met l\u2019accent sur la beaut\u00e9 f\u00e9minine. Les d\u00e9tails d\u00e9licats garantissent un look noble qui d\u00e9gage \u00e0 la fois la sensualit\u00e9 et la gr\u00e2ce \u2013 parfaits pour des occasions sp\u00e9ciales. <\/p>\n<p><strong>D\u00e9tails du produit<\/strong><\/p>\n<ul>\n<li>Ensemble s\u00e9duisant 3 pi\u00e8ces (soutien-gorge, string et porte-jarretelles)<\/li>\n<li>3 couleurs disponibles<\/li>\n<li>Soutien-gorge \u00e0 armatures<\/li>\n<li>Bandeau \u00e9troit en dentelle<\/li>\n<li>Insertion de dentelle florale sur le devant et le dos<\/li>\n<li>Porte-jarretelles ludique avec sangles de maintien<\/li>\n<li class=\"ml-5\">Soutien-gorge fermeture \u00e0 crochet , r\u00e9glable dans les trois sens<\/li>\n<li class=\"ml-5\">Avec bretelles r\u00e9glables<\/li>\n<li>String : Entrejambe \u00e9troit<\/li>\n<li>Mati\u00e8re de lingerie \u00e9l\u00e9gante<\/li>\n<li>Notre mod\u00e8le porte la taille S (70A-75B)<\/li>\n<li>Lavage en machine \u00e0 30\u00b0C, linge d\u00e9licat, ne convient pas au s\u00e8che-linge<\/li>\n<\/ul>\n<p>Instructions de lavage:<br \/>\n<img loading=\"lazy\" decoding=\"async\" class=\"alignnone wp-image-6743\" src=\"https:\/\/petalane.ch\/wp-content\/uploads\/2024\/12\/wash_dahlia-300x108.jpg\" alt=\"Petalane instructions de lavage soutien-gorge Dahlia\" width=\"169\" height=\"61\" srcset=\"https:\/\/petalane.ch\/wp-content\/uploads\/2024\/12\/wash_dahlia-300x108.jpg 300w, https:\/\/petalane.ch\/wp-content\/uploads\/2024\/12\/wash_dahlia-150x54.jpg 150w, https:\/\/petalane.ch\/wp-content\/uploads\/2024\/12\/wash_dahlia.jpg 418w\" sizes=\"auto, (max-width: 169px) 100vw, 169px\" \/><\/p>\n<p>Mat\u00e9riel:<br \/>\nMat\u00e9riel: 95% Polyester, 5% Elastane<\/p>\n<p>&nbsp;<\/p>\n","protected":false},"excerpt":{"rendered":"<p>Un design de fleurs romantique avec une dentelle d\u00e9licate pour un look \u00e9l\u00e9gant et f\u00e9minin. Choisissez votre ensemble (soutien-gorge + string + porte-jarretelles) parmi 3 couleurs.<\/p>\n","protected":false},"featured_media":6217,"template":"","meta":[],"product_brand":[],"product_cat":[128],"product_tag":[226,230,229,227,228],"class_list":{"0":"post-11417","1":"product","2":"type-product","3":"status-publish","4":"has-post-thumbnail","6":"product_cat-soutien-gorge-en-dentelle","7":"product_tag-lingerie-fr","8":"product_tag-porte-jarretelles","9":"product_tag-sets-fr","10":"product_tag-soutien-gorge-dentelle","11":"product_tag-string-fr","13":"first","14":"instock","15":"taxable","16":"shipping-taxable","17":"purchasable","18":"product-type-variable","19":"has-default-attributes"},"aioseo_notices":[],"_links":{"self":[{"href":"https:\/\/petalane.ch\/fr\/wp-json\/wp\/v2\/product\/11417","targetHints":{"allow":["GET"]}}],"collection":[{"href":"https:\/\/petalane.ch\/fr\/wp-json\/wp\/v2\/product"}],"about":[{"href":"https:\/\/petalane.ch\/fr\/wp-json\/wp\/v2\/types\/product"}],"wp:featuredmedia":[{"embeddable":true,"href":"https:\/\/petalane.ch\/fr\/wp-json\/wp\/v2\/media\/6217"}],"wp:attachment":[{"href":"https:\/\/petalane.ch\/fr\/wp-json\/wp\/v2\/media?parent=11417"}],"wp:term":[{"taxonomy":"product_brand","embeddable":true,"href":"https:\/\/petalane.ch\/fr\/wp-json\/wp\/v2\/product_brand?post=11417"},{"taxonomy":"product_cat","embeddable":true,"href":"https:\/\/petalane.ch\/fr\/wp-json\/wp\/v2\/product_cat?post=11417"},{"taxonomy":"product_tag","embeddable":true,"href":"https:\/\/petalane.ch\/fr\/wp-json\/wp\/v2\/product_tag?post=11417"}],"curies":[{"name":"wp","href":"https:\/\/api.w.org\/{rel}","templated":true}]}}