{"id":11449,"date":"2025-04-04T14:45:57","date_gmt":"2025-04-04T12:45:57","guid":{"rendered":"https:\/\/petalane.ch\/produkt\/ensemble-de-dentelle-viola-4-couleurs\/"},"modified":"2025-04-04T14:45:57","modified_gmt":"2025-04-04T12:45:57","slug":"ensemble-de-dentelle-viola-4-couleurs","status":"publish","type":"product","link":"https:\/\/petalane.ch\/fr\/produkt\/ensemble-de-dentelle-viola-4-couleurs\/","title":{"rendered":"Ensemble de dentelle Viola &#8211; 4 couleurs"},"content":{"rendered":"<p>Notre r\u00eave d&rsquo;\u00e9t\u00e9 ! La dentelle fine rencontre la fra\u00eecheur florale : cet ensemble allie l&rsquo;\u00e9l\u00e9gance ludique \u00e0 la l\u00e9g\u00e8ret\u00e9. Les d\u00e9tails floraux d\u00e9licats conf\u00e8rent au design un rayonnement doux et f\u00e9minin &#8211; id\u00e9al pour toutes celles qui veulent se sentir styl\u00e9es et sp\u00e9ciales au quotidien. Choisissez votre ensemble (soutien-gorge + string + porte-jarretelles) parmi 4 couleurs fra\u00eeches et estivales.   <\/p>\n<p><strong>D\u00e9tails du produit<\/strong><\/p>\n<ul>\n<li>Ensemble s\u00e9duisant 3 pi\u00e8ces (soutien-gorge, string et porte-jarretelles)<\/li>\n<li>4 couleurs disponibles<\/li>\n<li>Soutien-gorge \u00e0 armatures<\/li>\n<li>Bandeau \u00e9troit en dentelle<\/li>\n<li>Insertion de dentelle florale sur le devant et le dos<\/li>\n<li>Porte-jarretelles ludique avec sangles de maintien<\/li>\n<li class=\"ml-5\">Soutien-gorge fermeture \u00e0 crochet , r\u00e9glable dans les trois sens<\/li>\n<li class=\"ml-5\">Avec bretelles r\u00e9glables<\/li>\n<li>String : Entrejambe \u00e9troit<\/li>\n<li>Mati\u00e8re de lingerie \u00e9l\u00e9gante<\/li>\n<li>Notre mod\u00e8le porte la taille S (70-75 A\/B).<\/li>\n<li>Lavage en machine \u00e0 30\u00b0C, linge d\u00e9licat, ne convient pas au s\u00e8che-linge<\/li>\n<\/ul>\n<p>Instructions de lavage:<br \/>\n<img loading=\"lazy\" decoding=\"async\" class=\"alignnone wp-image-6743\" src=\"https:\/\/petalane.ch\/wp-content\/uploads\/2024\/12\/wash_dahlia-300x108.jpg\" alt=\"Petalane instructions de lavage soutien-gorge Dahlia\" width=\"169\" height=\"61\" srcset=\"https:\/\/petalane.ch\/wp-content\/uploads\/2024\/12\/wash_dahlia-300x108.jpg 300w, https:\/\/petalane.ch\/wp-content\/uploads\/2024\/12\/wash_dahlia-150x54.jpg 150w, https:\/\/petalane.ch\/wp-content\/uploads\/2024\/12\/wash_dahlia.jpg 418w\" sizes=\"auto, (max-width: 169px) 100vw, 169px\" \/><\/p>\n<p>Mat\u00e9riel:<br \/>\nMat\u00e9riel: 95% Polyester, 5% Elastane<\/p>\n<p>&nbsp;<\/p>\n<p>&nbsp;<\/p>\n","protected":false},"excerpt":{"rendered":"<p><strong>NOUVEAU &#8211; Notre r\u00eave d&rsquo;\u00e9t\u00e9 !<\/strong> Un design floral fantaisiste rencontre une dentelle fine et donne \u00e0 cet ensemble un look sensuel et \u00e9l\u00e9gant. Choisissez votre ensemble (soutien-gorge + string + porte-jarretelles) parmi 4 couleurs fra\u00eeches et estivales. <\/p>\n","protected":false},"featured_media":8876,"template":"","meta":[],"product_brand":[],"product_cat":[128],"product_tag":[226,230,229,227,228],"class_list":{"0":"post-11449","1":"product","2":"type-product","3":"status-publish","4":"has-post-thumbnail","6":"product_cat-soutien-gorge-en-dentelle","7":"product_tag-lingerie-fr","8":"product_tag-porte-jarretelles","9":"product_tag-sets-fr","10":"product_tag-soutien-gorge-dentelle","11":"product_tag-string-fr","13":"first","14":"instock","15":"taxable","16":"shipping-taxable","17":"purchasable","18":"product-type-variable","19":"has-default-attributes"},"aioseo_notices":[],"_links":{"self":[{"href":"https:\/\/petalane.ch\/fr\/wp-json\/wp\/v2\/product\/11449","targetHints":{"allow":["GET"]}}],"collection":[{"href":"https:\/\/petalane.ch\/fr\/wp-json\/wp\/v2\/product"}],"about":[{"href":"https:\/\/petalane.ch\/fr\/wp-json\/wp\/v2\/types\/product"}],"wp:featuredmedia":[{"embeddable":true,"href":"https:\/\/petalane.ch\/fr\/wp-json\/wp\/v2\/media\/8876"}],"wp:attachment":[{"href":"https:\/\/petalane.ch\/fr\/wp-json\/wp\/v2\/media?parent=11449"}],"wp:term":[{"taxonomy":"product_brand","embeddable":true,"href":"https:\/\/petalane.ch\/fr\/wp-json\/wp\/v2\/product_brand?post=11449"},{"taxonomy":"product_cat","embeddable":true,"href":"https:\/\/petalane.ch\/fr\/wp-json\/wp\/v2\/product_cat?post=11449"},{"taxonomy":"product_tag","embeddable":true,"href":"https:\/\/petalane.ch\/fr\/wp-json\/wp\/v2\/product_tag?post=11449"}],"curies":[{"name":"wp","href":"https:\/\/api.w.org\/{rel}","templated":true}]}}