{"id":11899,"date":"2025-08-26T21:34:17","date_gmt":"2025-08-26T19:34:17","guid":{"rendered":"https:\/\/petalane.ch\/?post_type=product&#038;p=11899"},"modified":"2025-10-12T13:32:41","modified_gmt":"2025-10-12T11:32:41","slug":"soutien-gorge-fleur-beige","status":"publish","type":"product","link":"https:\/\/petalane.ch\/fr\/produkt\/soutien-gorge-fleur-beige\/","title":{"rendered":"Soutien-gorge \u00ab\u00a0Fleur\u00a0\u00bb &#8211; 2 couleurs"},"content":{"rendered":"<p>Le soutien-gorge <i>Fleur<\/i> est un soutien-gorge basique intemporel &#8211; simple, confortable et parfait pour le quotidien. Il est facile \u00e0 enfiler et \u00e0 retirer gr\u00e2ce \u00e0 <b>sa fermeture frontale pratique<\/b>. Les bonnets non rembourr\u00e9s dessinent une silhouette naturelle, sans push-up. Id\u00e9al pour celles qui privil\u00e9gient le confort et le minimalisme.   <\/p>\n<p><strong>Pour choisir la bonne taille de soutien-gorge \u00ab\u00a0Fleur\u00a0\u00bb :<\/strong><br \/>\n1\u00e8re \u00e9tape : mesurer le haut du buste<br \/>\n2\u00e8me \u00e9tape : mesurer le bas du buste. \u00c9tape : Mesurer le tour de sous-poitrine<br \/>\n3. \u00c9tape : Calculer la diff\u00e9rence entre les deux largeurs<br \/>\n4. \u00c9tape : Consultez le tableau pour savoir quel bonnet vous convient en fonction de votre tour de sous-poitrine et de la diff\u00e9rence.<\/p>\n<div class=\"responsive-table\">\n<table class=\"size-table\">\n<thead>\n<tr>\n<th rowspan=\"2\">Tour de sous-poitrine<br \/>\n(en cm)<\/th>\n<th colspan=\"4\">Diff\u00e9rence entre le tour de sous-poitrine et le tour de poitrine (en cm)<\/th>\n<\/tr>\n<tr>\n<th>10 cm (coupe A)<\/th>\n<th>12.5 cm (bonnet B)<\/th>\n<th>15 cm (bonnet C)<\/th>\n<th>17.5 cm (bonnet D)<\/th>\n<\/tr>\n<\/thead>\n<tbody>\n<tr>\n<td>67.5-72.5<\/td>\n<td>70A<\/td>\n<td>70B<\/td>\n<td>70C<\/td>\n<td>70D<\/td>\n<\/tr>\n<tr>\n<td>72.5-77.5<\/td>\n<td>75A<\/td>\n<td>75B<\/td>\n<td>75C<\/td>\n<td>75D<\/td>\n<\/tr>\n<tr>\n<td>77.5-82.5<\/td>\n<td>80A<\/td>\n<td>80B<\/td>\n<td>80C<\/td>\n<td>80D<\/td>\n<\/tr>\n<tr>\n<td>82.5-87.5<\/td>\n<td>85A<\/td>\n<td>85B<\/td>\n<td>85C<\/td>\n<td>85D<\/td>\n<\/tr>\n<\/tbody>\n<\/table>\n<\/div>\n<div class=\"product-video\">\n<p><strong>Fleur &#8211; comment trouver votre taille de soutien-gorge<\/strong><\/p>\n<div style=\"position: relative; padding-bottom: 56.25%; height: 0; overflow: hidden; max-width: 100%; background: #000;\"><iframe style=\"position: absolute; top: 0; left: 0; width: 100%; height: 100%;\" src=\"https:\/\/www.youtube.com\/embed\/8Mun5JvgT_w\" frameborder=\"0\" allowfullscreen=\"allowfullscreen\"><br \/>\n<\/iframe><\/div>\n<p style=\"margin-top: 10px; font-size: 14px; color: #555;\">Dans cette vid\u00e9o, je vous explique comment trouver rapidement le soutien-gorge Fleur qui vous convient le mieux.<\/p>\n<\/div>\n<p>&nbsp;<\/p>\n<p><strong>D\u00e9tails du produit<\/strong><\/p>\n<ul>\n<li>Soutien-gorge basique sans push-up<\/li>\n<li>Couleur : beige et noir<\/li>\n<li>Bonnet, non rembourr\u00e9<\/li>\n<li>Fermeture \u00e0 crochet \u00e0 l&rsquo;avant<\/li>\n<li>Design sobre et \u00e9l\u00e9gant<\/li>\n<li>Bretelles r\u00e9glables \/ \u00e9galement sans bretelles<\/li>\n<li>Avec armatures<\/li>\n<li>Mat\u00e9riau doux et confortable sur la peau<\/li>\n<li>La coupe conf\u00e8re une silhouette naturelle<\/li>\n<li>Nos mod\u00e8les portent des soutiens-gorge de taille 75A et 80C (beige) \/ 75B noir.<\/li>\n<li>Lavage \u00e0 la main recommand\u00e9, ne convient pas au s\u00e8che-linge.<\/li>\n<\/ul>\n<p><strong>Instructions de lavage:<\/strong><br \/>\n<img loading=\"lazy\" decoding=\"async\" class=\"alignnone wp-image-6732\" src=\"https:\/\/petalane.ch\/wp-content\/uploads\/2024\/12\/wash_jasmin-3-300x88.jpg\" alt=\"Instructions de lavage soutien-gorge Calla\" width=\"204\" height=\"60\" srcset=\"https:\/\/petalane.ch\/wp-content\/uploads\/2024\/12\/wash_jasmin-3-300x88.jpg 300w, https:\/\/petalane.ch\/wp-content\/uploads\/2024\/12\/wash_jasmin-3-150x44.jpg 150w, https:\/\/petalane.ch\/wp-content\/uploads\/2024\/12\/wash_jasmin-3-450x131.jpg 450w, https:\/\/petalane.ch\/wp-content\/uploads\/2024\/12\/wash_jasmin-3.jpg 514w\" sizes=\"auto, (max-width: 204px) 100vw, 204px\" \/><\/p>\n<p><strong>Mat\u00e9riel<\/strong><br \/>\nTissu : 82% nylon, 18% spandex<\/p>\n","protected":false},"excerpt":{"rendered":"<p>Le soutien-gorge de base id\u00e9al &#8211; simple, confortable et fermant sur le devant. <strong>Pas de push-up<\/strong>, juste du naturel pur et du confort. Disponible en 16 tailles et 2 couleurs. Un compagnon polyvalent pour le quotidien.  <\/p>\n","protected":false},"featured_media":14364,"template":"","meta":[],"product_brand":[267],"product_cat":[126],"product_tag":[236],"class_list":{"0":"post-11899","1":"product","2":"type-product","3":"status-publish","4":"has-post-thumbnail","6":"product_brand-petalane","7":"product_cat-soutien-gorge-de-base","8":"product_tag-soutien-gorge-confort","10":"first","11":"instock","12":"taxable","13":"shipping-taxable","14":"purchasable","15":"product-type-variable","16":"has-default-attributes"},"aioseo_notices":[],"_links":{"self":[{"href":"https:\/\/petalane.ch\/fr\/wp-json\/wp\/v2\/product\/11899","targetHints":{"allow":["GET"]}}],"collection":[{"href":"https:\/\/petalane.ch\/fr\/wp-json\/wp\/v2\/product"}],"about":[{"href":"https:\/\/petalane.ch\/fr\/wp-json\/wp\/v2\/types\/product"}],"wp:featuredmedia":[{"embeddable":true,"href":"https:\/\/petalane.ch\/fr\/wp-json\/wp\/v2\/media\/14364"}],"wp:attachment":[{"href":"https:\/\/petalane.ch\/fr\/wp-json\/wp\/v2\/media?parent=11899"}],"wp:term":[{"taxonomy":"product_brand","embeddable":true,"href":"https:\/\/petalane.ch\/fr\/wp-json\/wp\/v2\/product_brand?post=11899"},{"taxonomy":"product_cat","embeddable":true,"href":"https:\/\/petalane.ch\/fr\/wp-json\/wp\/v2\/product_cat?post=11899"},{"taxonomy":"product_tag","embeddable":true,"href":"https:\/\/petalane.ch\/fr\/wp-json\/wp\/v2\/product_tag?post=11899"}],"curies":[{"name":"wp","href":"https:\/\/api.w.org\/{rel}","templated":true}]}}