{"id":13517,"date":"2025-11-10T23:01:58","date_gmt":"2025-11-10T22:01:58","guid":{"rendered":"https:\/\/petalane.ch\/?post_type=product&#038;p=13517"},"modified":"2025-11-12T12:51:57","modified_gmt":"2025-11-12T11:51:57","slug":"ensemble-soutien-gorge-en-dentelle-rosalia-rose","status":"publish","type":"product","link":"https:\/\/petalane.ch\/fr\/produkt\/ensemble-soutien-gorge-en-dentelle-rosalia-rose\/","title":{"rendered":"Ensemble soutien-gorge en dentelle \u00ab\u00a0Rosalia\u00a0\u00bb &#8211; rose"},"content":{"rendered":"<p>La fine dentelle rencontre les accents floraux &#8211; l&rsquo;<b>ensemble Rosalia<\/b> allie l&rsquo;\u00e9l\u00e9gance f\u00e9minine \u00e0 une touche d&rsquo;espi\u00e8glerie. Des d\u00e9tails d\u00e9licats et des \u00e9l\u00e9ments transparents forment une silhouette sensuelle qui respire le style et la confiance en soi. Un ensemble pour toutes celles qui veulent se sentir <b>belles, sp\u00e9ciales et f\u00e9minines<\/b>.<\/p>\n<p><strong>D\u00e9tails du produit<\/strong><\/p>\n<ul>\n<li>Ensemble 2 pi\u00e8ces : soutien-gorge et string<\/li>\n<li>Couleur : rose<\/li>\n<li>Soutien-gorge \u00e0 armatures<\/li>\n<li>Soutien-gorge fermeture \u00e0 crochet , r\u00e9glable dans les trois sens<\/li>\n<li>Avec bretelles r\u00e9glables<\/li>\n<li>Insertion de dentelle florale sur le devant et le dos<\/li>\n<li>\u00c9l\u00e9gante mati\u00e8re de lingerie douce<\/li>\n<li>D\u00e9tails du string : int\u00e9rieur de l&rsquo;entrejambe \u00e9troit \/ coupe moulante<\/li>\n<li>Lavage en machine \u00e0 30\u00b0C, linge d\u00e9licat, ne convient pas au s\u00e8che-linge.<\/li>\n<\/ul>\n<p>Tailles<br \/>\nS &#8211; M &#8211; L &#8211; XL &#8211; XXL<\/p>\n<p>Valeurs indicatives :<\/p>\n<ul>\n<li style=\"list-style-type: none;\">\n<ul>\n<li><b><\/b><b>S :<\/b> 70-75 A\/B<\/li>\n<li><b><\/b><b>M :<\/b> 75-80 B\/C<\/li>\n<li><b><\/b><b>L :<\/b> 80-85 B\/C<\/li>\n<li><b><\/b><b>XL :<\/b> 85-90 C\/D<\/li>\n<li><b><\/b><b>XXL :<\/b> 90-95 D\/E<\/li>\n<\/ul>\n<\/li>\n<\/ul>\n<p>Notre mod\u00e8le porte : taille S <span class=\"woo-selected-variation-item-name\" data-default=\"\">(correspond \u00e0 environ 70-75 A\/B)<\/span><\/p>\n<p><strong>Instructions de lavage:<\/strong><br \/>\n<img loading=\"lazy\" decoding=\"async\" class=\"alignnone wp-image-6743\" src=\"https:\/\/petalane.ch\/wp-content\/uploads\/2024\/12\/wash_dahlia-300x108.jpg\" alt=\"Petalane Instructions de soins Soutien-gorge Rosalia\" width=\"170\" height=\"61\" srcset=\"https:\/\/petalane.ch\/wp-content\/uploads\/2024\/12\/wash_dahlia-300x108.jpg 300w, https:\/\/petalane.ch\/wp-content\/uploads\/2024\/12\/wash_dahlia-150x54.jpg 150w, https:\/\/petalane.ch\/wp-content\/uploads\/2024\/12\/wash_dahlia.jpg 418w\" sizes=\"auto, (max-width: 170px) 100vw, 170px\" \/><\/p>\n<p><strong>Mati\u00e8re :<\/strong><br \/>\nMati\u00e8re : 95 % polyester, 5 % \u00e9lasthanne<\/p>\n<p>&nbsp;<\/p>\n<p>&nbsp;<\/p>\n","protected":false},"excerpt":{"rendered":"<p>La fine dentelle rencontre les accents floraux &#8211; l&rsquo;<b>ensemble Rosalia<\/b> (soutien-gorge + culotte) en rose allie l&rsquo;\u00e9l\u00e9gance f\u00e9minine \u00e0 une touche d&rsquo;espi\u00e8glerie. Les d\u00e9tails d\u00e9licats et les \u00e9l\u00e9ments transparents forment une silhouette sensuelle qui respire le style et la confiance en soi. Un ensemble pour toutes celles qui veulent se sentir <b>belles, sp\u00e9ciales et f\u00e9minines<\/b>.<\/p>\n","protected":false},"featured_media":13510,"template":"","meta":[],"product_brand":[267],"product_cat":[128],"product_tag":[226,229,227],"class_list":{"0":"post-13517","1":"product","2":"type-product","3":"status-publish","4":"has-post-thumbnail","6":"product_brand-petalane","7":"product_cat-soutien-gorge-en-dentelle","8":"product_tag-lingerie-fr","9":"product_tag-sets-fr","10":"product_tag-soutien-gorge-dentelle","12":"first","13":"instock","14":"taxable","15":"shipping-taxable","16":"purchasable","17":"product-type-variable","18":"has-default-attributes"},"aioseo_notices":[],"_links":{"self":[{"href":"https:\/\/petalane.ch\/fr\/wp-json\/wp\/v2\/product\/13517","targetHints":{"allow":["GET"]}}],"collection":[{"href":"https:\/\/petalane.ch\/fr\/wp-json\/wp\/v2\/product"}],"about":[{"href":"https:\/\/petalane.ch\/fr\/wp-json\/wp\/v2\/types\/product"}],"wp:featuredmedia":[{"embeddable":true,"href":"https:\/\/petalane.ch\/fr\/wp-json\/wp\/v2\/media\/13510"}],"wp:attachment":[{"href":"https:\/\/petalane.ch\/fr\/wp-json\/wp\/v2\/media?parent=13517"}],"wp:term":[{"taxonomy":"product_brand","embeddable":true,"href":"https:\/\/petalane.ch\/fr\/wp-json\/wp\/v2\/product_brand?post=13517"},{"taxonomy":"product_cat","embeddable":true,"href":"https:\/\/petalane.ch\/fr\/wp-json\/wp\/v2\/product_cat?post=13517"},{"taxonomy":"product_tag","embeddable":true,"href":"https:\/\/petalane.ch\/fr\/wp-json\/wp\/v2\/product_tag?post=13517"}],"curies":[{"name":"wp","href":"https:\/\/api.w.org\/{rel}","templated":true}]}}