{"id":14463,"date":"2026-01-10T23:38:21","date_gmt":"2026-01-10T22:38:21","guid":{"rendered":"https:\/\/petalane.ch\/?post_type=product&#038;p=14463"},"modified":"2026-01-24T22:24:59","modified_gmt":"2026-01-24T21:24:59","slug":"soutien-gorge-manches-longues-camellia-noir","status":"publish","type":"product","link":"https:\/\/petalane.ch\/fr\/produkt\/soutien-gorge-manches-longues-camellia-noir\/","title":{"rendered":"Soutien-gorge manches longues \u00ab\u00a0Camellia\u00a0\u00bb &#8211; noir"},"content":{"rendered":"<div class=\"page\" title=\"Page 1\">\n<div class=\"section\">\n<div class=\"layoutArea\">\n<div class=\"column\">\n<p>Le soutien-gorge \u00e0 manches longues Camellia allie confort f\u00e9minin et chaleur fonctionnelle. Les bonnets int\u00e9gr\u00e9s offrent un maintien doux sans soutien-gorge suppl\u00e9mentaire, tandis que l&rsquo;int\u00e9rieur thermique doux r\u00e9chauffe agr\u00e9ablement. La fine dentelle noire apporte une touche d&rsquo;\u00e9l\u00e9gance intemporelle. Un magnifique t-shirt \u00e0 manches longues pour tous les jours.   <\/p>\n<p><strong>D\u00e9tails du produit<\/strong><\/p>\n<\/div>\n<\/div>\n<\/div>\n<\/div>\n<ul>\n<li>Bonnets int\u00e9gr\u00e9s (fonction soutien-gorge)<\/li>\n<li>Couleur : noir<\/li>\n<li>Pas de soutien-gorge suppl\u00e9mentaire n\u00e9cessaire<\/li>\n<li>Le soutien-gorge sans armatures<\/li>\n<li>Int\u00e9rieur thermique chauffant<\/li>\n<li>Dentelle fine<\/li>\n<li>Facilement modelant<\/li>\n<li>Haute \u00e9lasticit\u00e9<\/li>\n<li>Agr\u00e9able et doux pour la peau<\/li>\n<li>Lavage en machine \u00e0 30\u00b0C, linge d\u00e9licat, ne convient pas au s\u00e8che-linge.<\/li>\n<\/ul>\n<p><strong>Tailles<\/strong><br \/>\nS &#8211; M &#8211; L &#8211; XL<\/p>\n<p><strong>Valeurs indicatives :<\/strong><\/p>\n<ul>\n<li style=\"list-style-type: none;\">\n<ul>\n<li><b><\/b><b>S :<\/b> 70-75 A\/B<\/li>\n<li><b><\/b><b>M :<\/b> 75-80 B\/C<\/li>\n<li><b><\/b><b>L:<\/b> 80\u201385 C\/D<\/li>\n<li><b><\/b><b>XL:<\/b> 85\u201390 D\/E<b><\/b><\/li>\n<\/ul>\n<\/li>\n<\/ul>\n<p>Notre mod\u00e8le porte : taille S <span class=\"woo-selected-variation-item-name\" data-default=\"\">(correspond \u00e0 environ 70-75 A\/B)<\/span><\/p>\n<p><strong>Instructions de lavage:<\/strong><br \/>\n<img loading=\"lazy\" decoding=\"async\" class=\"alignnone wp-image-6743\" src=\"https:\/\/petalane.ch\/wp-content\/uploads\/2024\/12\/wash_dahlia-300x108.jpg\" alt=\"Petalane Instructions de soins Soutien-gorge Rosalia\" width=\"170\" height=\"61\" srcset=\"https:\/\/petalane.ch\/wp-content\/uploads\/2024\/12\/wash_dahlia-300x108.jpg 300w, https:\/\/petalane.ch\/wp-content\/uploads\/2024\/12\/wash_dahlia-150x54.jpg 150w, https:\/\/petalane.ch\/wp-content\/uploads\/2024\/12\/wash_dahlia.jpg 418w\" sizes=\"auto, (max-width: 170px) 100vw, 170px\" \/><\/p>\n<p><strong>Mati\u00e8re :<\/strong><br \/>\nM\u00e9lange de laine et de soie avec des fibres \u00e9lastiques pour l&rsquo;int\u00e9rieur thermique<br \/>\nMati\u00e8re : 92 % polyester, 6 % \u00e9lasthanne, 2 % m\u00e9lange de laine et de soie<\/p>\n","protected":false},"excerpt":{"rendered":"<div class=\"page\" title=\"Page 1\">\n<div class=\"section\">\n<div class=\"layoutArea\">\n<div class=\"column\">\n<p>Un soutien-gorge \u00e0 manches longues avec soutien int\u00e9gr\u00e9 et belle d\u00e9coration en dentelle &#8211; doux, \u00e9lastique et pr\u00e8s du corps. Les bonnets restent bien en place et sculptent discr\u00e8tement sans serrer. Id\u00e9al pour les journ\u00e9es plus fra\u00eeches, o\u00f9 le confort et la chaleur sont des priorit\u00e9s.  <\/p>\n<\/div>\n<\/div>\n<\/div>\n<\/div>\n","protected":false},"featured_media":14456,"template":"","meta":[],"product_brand":[],"product_cat":[264,126],"product_tag":[287,272,236,273],"class_list":{"0":"post-14463","1":"product","2":"type-product","3":"status-publish","4":"has-post-thumbnail","6":"product_cat-essentiels","7":"product_cat-soutien-gorge-de-base","8":"product_tag-chemise-a-manches-longues","9":"product_tag-essentiels","10":"product_tag-soutien-gorge-confort","11":"product_tag-top-soutien-gorge","13":"first","14":"instock","15":"taxable","16":"shipping-taxable","17":"purchasable","18":"product-type-variable","19":"has-default-attributes"},"aioseo_notices":[],"_links":{"self":[{"href":"https:\/\/petalane.ch\/fr\/wp-json\/wp\/v2\/product\/14463","targetHints":{"allow":["GET"]}}],"collection":[{"href":"https:\/\/petalane.ch\/fr\/wp-json\/wp\/v2\/product"}],"about":[{"href":"https:\/\/petalane.ch\/fr\/wp-json\/wp\/v2\/types\/product"}],"wp:featuredmedia":[{"embeddable":true,"href":"https:\/\/petalane.ch\/fr\/wp-json\/wp\/v2\/media\/14456"}],"wp:attachment":[{"href":"https:\/\/petalane.ch\/fr\/wp-json\/wp\/v2\/media?parent=14463"}],"wp:term":[{"taxonomy":"product_brand","embeddable":true,"href":"https:\/\/petalane.ch\/fr\/wp-json\/wp\/v2\/product_brand?post=14463"},{"taxonomy":"product_cat","embeddable":true,"href":"https:\/\/petalane.ch\/fr\/wp-json\/wp\/v2\/product_cat?post=14463"},{"taxonomy":"product_tag","embeddable":true,"href":"https:\/\/petalane.ch\/fr\/wp-json\/wp\/v2\/product_tag?post=14463"}],"curies":[{"name":"wp","href":"https:\/\/api.w.org\/{rel}","templated":true}]}}