{"id":15890,"date":"2026-03-26T22:13:44","date_gmt":"2026-03-26T21:13:44","guid":{"rendered":"https:\/\/petalane.ch\/?post_type=product&#038;p=15890"},"modified":"2026-03-26T22:13:45","modified_gmt":"2026-03-26T21:13:45","slug":"slip-ivy-essential-trio-3-couleurs","status":"publish","type":"product","link":"https:\/\/petalane.ch\/fr\/produkt\/slip-ivy-essential-trio-3-couleurs\/","title":{"rendered":"Slip \u00ab\u00a0Ivy\u00a0\u00bb Essential Trio &#8211; 3 couleurs"},"content":{"rendered":"<div class=\"page\" title=\"Page 1\">\n<div class=\"section\">\n<div class=\"layoutArea\">\n<div class=\"column\">\n<p>Les slips Ivy en pack de 3 sont synonymes de pur confort au quotidien. Le design sans couture et \u00e0 double \u00e9paisseur offre une finition lisse sans marques, tandis que le tissu doux et \u00e9lastique \u00e9pouse votre peau en douceur. Gousset 100% coton pour un confort respirant.  <\/p>\n<p>L\u00e9ger, respirant et \u00e0 peine perceptible &#8211; Trois couleurs, en pack trio, un essentiel.<\/p>\n<div class=\"page\" title=\"Page 1\">\n<div class=\"section\">\n<div class=\"layoutArea\">\n<div class=\"column\">\n<p><strong>D\u00e9tails du produit<\/strong><\/p>\n<\/div>\n<\/div>\n<\/div>\n<\/div>\n<ul>\n<li>Conception en tissu double \u00e9paisseur pour un confort accru<\/li>\n<li>haute qualit\u00e9 des fils utilis\u00e9s<\/li>\n<li>Conception sans couture<\/li>\n<li>Doux &amp; doux pour la peau<\/li>\n<li>L\u00e9g\u00e8rement \u00e9lastique pour un ajustement optimal<\/li>\n<li>Respirant &amp; l\u00e9ger<\/li>\n<li>Pas d&rsquo;incision<\/li>\n<li>Gousset 100% coton<\/li>\n<li>Pack de 3 en trois couleurs<\/li>\n<li>Lavable en machine \u00e0 30 degr\u00e9s (cycle d\u00e9licat)<\/li>\n<\/ul>\n<p><strong>Tailles<\/strong><br \/>\nS &#8211; M &#8211; L &#8211; XL<\/p>\n<p>Notre mod\u00e8le porte : Taille S<\/p>\n<p><strong>Instructions de lavage:<\/strong><br \/>\n<img loading=\"lazy\" decoding=\"async\" class=\"alignnone wp-image-15594\" src=\"https:\/\/petalane.ch\/wp-content\/uploads\/2026\/03\/wash_ivy-300x85.jpg\" alt=\"Petalane-washing-label-ivy\" width=\"300\" height=\"85\" srcset=\"https:\/\/petalane.ch\/wp-content\/uploads\/2026\/03\/wash_ivy-300x85.jpg 300w, https:\/\/petalane.ch\/wp-content\/uploads\/2026\/03\/wash_ivy-150x42.jpg 150w, https:\/\/petalane.ch\/wp-content\/uploads\/2026\/03\/wash_ivy-450x127.jpg 450w, https:\/\/petalane.ch\/wp-content\/uploads\/2026\/03\/wash_ivy.jpg 532w\" sizes=\"auto, (max-width: 300px) 100vw, 300px\" \/><\/p>\n<p><strong>Mati\u00e8re :<\/strong><br \/>\n82% nylon, 18% \u00e9lasthanne, gousset 100% coton<\/p>\n<p><strong>Information suppl\u00e9mentaire :<\/strong><\/p>\n<ul>\n<li>Les slips \u00e9tant un article d&rsquo;hygi\u00e8ne, ils ne peuvent \u00eatre ni \u00e9chang\u00e9s ni rembours\u00e9s.<\/li>\n<\/ul>\n<\/div>\n<\/div>\n<\/div>\n<\/div>\n","protected":false},"excerpt":{"rendered":"<div class=\"page\" title=\"Page 1\">\n<div class=\"section\">\n<div class=\"layoutArea\">\n<div class=\"column\">\n<p>Le slip de base id\u00e9al &#8211; simple et confortable. Pas de superflu, juste du confort et du naturel. Disponible en beige, blanc et noir.  <\/p>\n<\/div>\n<\/div>\n<\/div>\n<\/div>\n<div class=\"page\" title=\"Page 2\">\n<div class=\"section\">\n<div class=\"layoutArea\">\n<div class=\"column\">\n<p>Un essentiel que vous voulez porter tous les jours \ud83d\ude09<\/p>\n<\/div>\n<\/div>\n<\/div>\n<\/div>\n","protected":false},"featured_media":15976,"template":"","meta":[],"product_brand":[],"product_cat":[264,296,126],"product_tag":[272,298,299],"class_list":{"0":"post-15890","1":"product","2":"type-product","3":"status-publish","4":"has-post-thumbnail","6":"product_cat-essentiels","7":"product_cat-sous-vetements","8":"product_cat-soutien-gorge-de-base","9":"product_tag-essentiels","10":"product_tag-slips","11":"product_tag-sous-vetements","12":"product_shipping_class-envoi-special","14":"first","15":"instock","16":"taxable","17":"shipping-taxable","18":"purchasable","19":"product-type-variable","20":"has-default-attributes"},"aioseo_notices":[],"_links":{"self":[{"href":"https:\/\/petalane.ch\/fr\/wp-json\/wp\/v2\/product\/15890","targetHints":{"allow":["GET"]}}],"collection":[{"href":"https:\/\/petalane.ch\/fr\/wp-json\/wp\/v2\/product"}],"about":[{"href":"https:\/\/petalane.ch\/fr\/wp-json\/wp\/v2\/types\/product"}],"wp:featuredmedia":[{"embeddable":true,"href":"https:\/\/petalane.ch\/fr\/wp-json\/wp\/v2\/media\/15976"}],"wp:attachment":[{"href":"https:\/\/petalane.ch\/fr\/wp-json\/wp\/v2\/media?parent=15890"}],"wp:term":[{"taxonomy":"product_brand","embeddable":true,"href":"https:\/\/petalane.ch\/fr\/wp-json\/wp\/v2\/product_brand?post=15890"},{"taxonomy":"product_cat","embeddable":true,"href":"https:\/\/petalane.ch\/fr\/wp-json\/wp\/v2\/product_cat?post=15890"},{"taxonomy":"product_tag","embeddable":true,"href":"https:\/\/petalane.ch\/fr\/wp-json\/wp\/v2\/product_tag?post=15890"}],"curies":[{"name":"wp","href":"https:\/\/api.w.org\/{rel}","templated":true}]}}