{"id":6606,"date":"2024-09-11T14:27:20","date_gmt":"2024-09-11T14:27:20","guid":{"rendered":"https:\/\/petalane.ch\/produkt\/soutien-gorge-jasmin\/"},"modified":"2025-08-23T15:45:08","modified_gmt":"2025-08-23T13:45:08","slug":"soutien-gorge-jasmin","status":"publish","type":"product","link":"https:\/\/petalane.ch\/fr\/produkt\/soutien-gorge-jasmin\/","title":{"rendered":"Soutien-gorge \u00ab\u00a0Jasmin\u00a0\u00bb &#8211; 4 couleurs"},"content":{"rendered":"<p>Le soutien-gorge Jasmin est id\u00e9al pour les poitrines petites \u00e0 moyennes et allie confort, style et polyvalence. Gr\u00e2ce \u00e0 ses bretelles adaptables \u2013 sans bretelles, crois\u00e9es ou classiques \u2013 il s\u2019adapte \u00e0 toutes les tenues. Les bonnets d\u00e9licats offrent un maintien l\u00e9ger et soulignent une silhouette naturelle. Parfait pour tous les jours !   <\/p>\n<p><strong>Pour choisir la bonne taille de soutien-gorge \u00ab\u00a0Jasmin\u00a0\u00bb :<\/strong><br \/>\n1\u00e8re \u00e9tape : mesurer le haut du buste<br \/>\n2\u00e8me \u00e9tape : mesurer le bas du buste. \u00c9tape : Mesurer le tour de sous-poitrine<br \/>\n3. \u00c9tape : Calculer la diff\u00e9rence entre les deux largeurs<br \/>\n4. \u00c9tape : Consultez le tableau pour savoir quel bonnet vous convient en fonction de votre tour de sous-poitrine et de la diff\u00e9rence.<\/p>\n<p>Si vous n&rsquo;\u00eates pas s\u00fbre, prenez une taille de soutien-gorge plus grande.<\/p>\n<div class=\"responsive-table\">\n<table class=\"size-table\">\n<thead>\n<tr>\n<th>Tour de poitrine (UBW)<\/th>\n<th>Poitrine (OW)<\/th>\n<th>Diff\u00e9rence OW &#8211; UBW<\/th>\n<th>Taille du soutien-gorge<\/th>\n<\/tr>\n<\/thead>\n<tbody>\n<tr>\n<td>68 cm &#8211; 72 cm<\/td>\n<td>78 cm &#8211; 84 cm<\/td>\n<td>10 cm &#8211; 11 cm = bonnet AA-A<\/td>\n<td>70 AA-A<\/td>\n<\/tr>\n<tr>\n<td>70 cm &#8211; 75 cm<\/td>\n<td>83 cm &#8211; 86 cm<\/td>\n<td>12 cm &#8211; 13 cm = bonnet A<\/td>\n<td>75 A<\/td>\n<\/tr>\n<tr>\n<td>73 cm &#8211; 80 cm<\/td>\n<td>86 cm &#8211; 94 cm<\/td>\n<td>13 cm &#8211; 14 cm = bonnet B<\/td>\n<td>80 B<\/td>\n<\/tr>\n<tr>\n<td>76 cm &#8211; 85 cm<\/td>\n<td>91 cm &#8211; 100 cm<\/td>\n<td>15 cm &#8211; 16 cm = bonnet C<\/td>\n<td>85 C<\/td>\n<\/tr>\n<\/tbody>\n<\/table>\n<\/div>\n<div class=\"product-video\">\n<p><strong>Jasmin &#8211; comment trouver votre taille de soutien-gorge<\/strong><\/p>\n<div style=\"position: relative; padding-bottom: 56.25%; height: 0; overflow: hidden; max-width: 100%; background: #000;\"><iframe style=\"position: absolute; top: 0; left: 0; width: 100%; height: 100%;\" src=\"https:\/\/www.youtube.com\/embed\/B9G6Jg5UF3Y\" frameborder=\"0\" allowfullscreen=\"allowfullscreen\"><br \/>\n<\/iframe><\/div>\n<p style=\"margin-top: 10px; font-size: 14px; color: #555;\">Dans cette vid\u00e9o, je vous explique comment trouver rapidement le soutien-gorge en jasmin qui vous convient le mieux.<\/p>\n<h4 style=\"margin-top: 10px; font-size: 14px; color: #555;\"><strong>D\u00e9tails du produit<\/strong><\/h4>\n<\/div>\n<ul>\n<li>soutien-gorge push-up polyvalent<\/li>\n<li>4 couleurs disponibles<\/li>\n<li>cup de soutien-gorge rembourr\u00e9<\/li>\n<li>ajustable de mani\u00e8re polyvalente<\/li>\n<li>Le soutien-gorge sans armatures<\/li>\n<li>bande sous poitrine agr\u00e9able<\/li>\n<li>la coupe conf\u00e8re une belle silhouette<\/li>\n<li>bretelles r\u00e9glables \/ \u00e9galement sans bretelles<\/li>\n<li>Soutien-gorge fermeture \u00e0 crochet , r\u00e9glable dans les deux sens<\/li>\n<li>mati\u00e8re confortable, tr\u00e8s agr\u00e9able sur la peau<\/li>\n<li>Notre mod\u00e8le porte un soutien-gorge de taille 70AA-A.<\/li>\n<li>Lavage \u00e0 la main, ne convient pas au s\u00e8che-linge.<\/li>\n<\/ul>\n<p><strong>Instructions de lavage:<\/strong><br \/>\n<img loading=\"lazy\" decoding=\"async\" class=\"alignnone wp-image-6732\" src=\"https:\/\/petalane.ch\/wp-content\/uploads\/2024\/12\/wash_jasmin-3-300x88.jpg\" alt=\"Instructions de lavage soutien-gorge Calla\" width=\"204\" height=\"60\" srcset=\"https:\/\/petalane.ch\/wp-content\/uploads\/2024\/12\/wash_jasmin-3-300x88.jpg 300w, https:\/\/petalane.ch\/wp-content\/uploads\/2024\/12\/wash_jasmin-3-150x44.jpg 150w, https:\/\/petalane.ch\/wp-content\/uploads\/2024\/12\/wash_jasmin-3-450x131.jpg 450w, https:\/\/petalane.ch\/wp-content\/uploads\/2024\/12\/wash_jasmin-3.jpg 514w\" sizes=\"auto, (max-width: 204px) 100vw, 204px\" \/><\/p>\n<p><strong>Mat\u00e9riel<\/strong><br \/>\nTissu : 80% Nylon, 20% Spandex<\/p>\n","protected":false},"excerpt":{"rendered":"<p>Le soutien-gorge parfait &#8211; confortable, \u00e9l\u00e9gant et polyvalent. Choisissez parmi 4 couleurs.<\/p>\n","protected":false},"featured_media":14347,"template":"","meta":[],"product_brand":[],"product_cat":[126],"product_tag":[234,233,236],"class_list":{"0":"post-6606","1":"product","2":"type-product","3":"status-publish","4":"has-post-thumbnail","6":"product_cat-soutien-gorge-de-base","7":"product_tag-demi-cup","8":"product_tag-push-up-fr","9":"product_tag-soutien-gorge-confort","11":"first","12":"instock","13":"taxable","14":"shipping-taxable","15":"purchasable","16":"product-type-variable","17":"has-default-attributes"},"aioseo_notices":[],"_links":{"self":[{"href":"https:\/\/petalane.ch\/fr\/wp-json\/wp\/v2\/product\/6606","targetHints":{"allow":["GET"]}}],"collection":[{"href":"https:\/\/petalane.ch\/fr\/wp-json\/wp\/v2\/product"}],"about":[{"href":"https:\/\/petalane.ch\/fr\/wp-json\/wp\/v2\/types\/product"}],"wp:featuredmedia":[{"embeddable":true,"href":"https:\/\/petalane.ch\/fr\/wp-json\/wp\/v2\/media\/14347"}],"wp:attachment":[{"href":"https:\/\/petalane.ch\/fr\/wp-json\/wp\/v2\/media?parent=6606"}],"wp:term":[{"taxonomy":"product_brand","embeddable":true,"href":"https:\/\/petalane.ch\/fr\/wp-json\/wp\/v2\/product_brand?post=6606"},{"taxonomy":"product_cat","embeddable":true,"href":"https:\/\/petalane.ch\/fr\/wp-json\/wp\/v2\/product_cat?post=6606"},{"taxonomy":"product_tag","embeddable":true,"href":"https:\/\/petalane.ch\/fr\/wp-json\/wp\/v2\/product_tag?post=6606"}],"curies":[{"name":"wp","href":"https:\/\/api.w.org\/{rel}","templated":true}]}}