{"id":6650,"date":"2024-09-11T14:48:14","date_gmt":"2024-09-11T14:48:14","guid":{"rendered":"https:\/\/petalane.ch\/produkt\/soutien-gorge-dentelle-dalhia\/"},"modified":"2025-07-24T19:19:18","modified_gmt":"2025-07-24T17:19:18","slug":"soutien-gorge-dentelle-dalhia","status":"publish","type":"product","link":"https:\/\/petalane.ch\/fr\/produkt\/soutien-gorge-dentelle-dalhia\/","title":{"rendered":"Ensemble soutien-gorge en dentelle \u00ab\u00a0Dalhia\u00a0\u00bb &#8211; 3 couleurs"},"content":{"rendered":"<p>L&rsquo;ensemble Dahlia avec soutien-gorge et string s\u00e9duit par sa d\u00e9licate dentelle florale et son design \u00e9l\u00e9gant et f\u00e9minin. Son style l\u00e9ger met en valeur la beaut\u00e9 naturelle et en fait un compagnon \u00e9l\u00e9gant pour les moments sp\u00e9ciaux. <\/p>\n<p><strong>D\u00e9tails du produit<\/strong><\/p>\n<ul>\n<li>s\u00e9duisant ensemble 2 pi\u00e8ces (soutien-gorge et string)<\/li>\n<li>3 couleurs disponibles<\/li>\n<li>Soutien-gorge \u00e0 armatures<\/li>\n<li>Soutien-gorge fermeture \u00e0 crochet , r\u00e9glable dans les deux sens<\/li>\n<li>Avec bretelles r\u00e9glables<\/li>\n<li>Insertion de dentelle florale sur le devant et le dos<\/li>\n<li>Mati\u00e8re de lingerie \u00e9l\u00e9gante<\/li>\n<li>Lavage en machine \u00e0 30\u00b0C, linge d\u00e9licat, ne convient pas au s\u00e8che-linge<\/li>\n<\/ul>\n<p>Notre mod\u00e8le porte : Taille S <span class=\"woo-selected-variation-item-name\" data-default=\"\">(70-75 A\/B)<\/span><br \/>\nEn cas d&rsquo;incertitude, nous recommandons plut\u00f4t de commander la taille inf\u00e9rieure.<\/p>\n<p>Instructions de lavage:<br \/>\n<img loading=\"lazy\" decoding=\"async\" class=\"alignnone wp-image-6743\" src=\"https:\/\/petalane.ch\/wp-content\/uploads\/2024\/12\/wash_dahlia-300x108.jpg\" alt=\"Petalane instructions de lavage soutien-gorge Dahlia\" width=\"170\" height=\"61\" srcset=\"https:\/\/petalane.ch\/wp-content\/uploads\/2024\/12\/wash_dahlia-300x108.jpg 300w, https:\/\/petalane.ch\/wp-content\/uploads\/2024\/12\/wash_dahlia-150x54.jpg 150w, https:\/\/petalane.ch\/wp-content\/uploads\/2024\/12\/wash_dahlia.jpg 418w\" sizes=\"auto, (max-width: 170px) 100vw, 170px\" \/><\/p>\n<p>Mat\u00e9riel:<br \/>\nMat\u00e9riel: 95% Polyester, 5% Elastane<\/p>\n<p>&nbsp;<\/p>\n","protected":false},"excerpt":{"rendered":"<p>La dentelle de fleurs d\u00e9licate rencontre une \u00e9l\u00e9gance intemporelle. Choisissez votre ensemble (soutien-gorge + string) parmi 3 couleurs.<\/p>\n","protected":false},"featured_media":6931,"template":"","meta":[],"product_brand":[],"product_cat":[128],"product_tag":[226,229,227,228],"class_list":{"0":"post-6650","1":"product","2":"type-product","3":"status-publish","4":"has-post-thumbnail","6":"product_cat-soutien-gorge-en-dentelle","7":"product_tag-lingerie-fr","8":"product_tag-sets-fr","9":"product_tag-soutien-gorge-dentelle","10":"product_tag-string-fr","12":"first","13":"instock","14":"taxable","15":"shipping-taxable","16":"purchasable","17":"product-type-variable","18":"has-default-attributes"},"aioseo_notices":[],"_links":{"self":[{"href":"https:\/\/petalane.ch\/fr\/wp-json\/wp\/v2\/product\/6650","targetHints":{"allow":["GET"]}}],"collection":[{"href":"https:\/\/petalane.ch\/fr\/wp-json\/wp\/v2\/product"}],"about":[{"href":"https:\/\/petalane.ch\/fr\/wp-json\/wp\/v2\/types\/product"}],"wp:featuredmedia":[{"embeddable":true,"href":"https:\/\/petalane.ch\/fr\/wp-json\/wp\/v2\/media\/6931"}],"wp:attachment":[{"href":"https:\/\/petalane.ch\/fr\/wp-json\/wp\/v2\/media?parent=6650"}],"wp:term":[{"taxonomy":"product_brand","embeddable":true,"href":"https:\/\/petalane.ch\/fr\/wp-json\/wp\/v2\/product_brand?post=6650"},{"taxonomy":"product_cat","embeddable":true,"href":"https:\/\/petalane.ch\/fr\/wp-json\/wp\/v2\/product_cat?post=6650"},{"taxonomy":"product_tag","embeddable":true,"href":"https:\/\/petalane.ch\/fr\/wp-json\/wp\/v2\/product_tag?post=6650"}],"curies":[{"name":"wp","href":"https:\/\/api.w.org\/{rel}","templated":true}]}}