{"id":7278,"date":"2025-01-04T22:13:47","date_gmt":"2025-01-04T22:13:47","guid":{"rendered":"https:\/\/petalane.ch\/produkt\/cheque-cadeau-2\/"},"modified":"2025-03-26T18:52:27","modified_gmt":"2025-03-26T17:52:27","slug":"cheque-cadeau","status":"publish","type":"product","link":"https:\/\/petalane.ch\/fr\/produkt\/cheque-cadeau\/","title":{"rendered":"Ch\u00e8que cadeau"},"content":{"rendered":"<p><strong>Ch\u00e8que cadeau &#8211; Email<\/strong><\/p>\n<p>Vous choisissez le montant de votre ch\u00e8que-cadeau entre CHF 20, CHF 50, CHF 100 ou CHF 150 et laissez l&rsquo;adresse e-mail du destinataire, le nom du destinataire et votre message de bienvenue. Nous vous enverrons votre ch\u00e8que-cadeau directement \u00e0 l&rsquo;adresse e-mail indiqu\u00e9e. <\/p>\n<p>Vous recevrez une confirmation d&rsquo;exp\u00e9dition du ch\u00e8que-cadeau que vous avez envoy\u00e9 et l&rsquo;achat pourra \u00eatre consult\u00e9 dans la rubrique \u00ab\u00a0Commandes\u00a0\u00bb de votre compte. Le b\u00e9n\u00e9ficiaire peut utiliser le ch\u00e8que-cadeau re\u00e7u pour payer des produits en tant qu&rsquo;invit\u00e9 (sans compte utilisateur) ou apr\u00e8s s&rsquo;\u00eatre connect\u00e9 avec son adresse e-mail. Les \u00e9ventuels frais d&rsquo;envoi doivent \u00eatre r\u00e9gl\u00e9s s\u00e9par\u00e9ment. Le solde restant est conserv\u00e9 pour le b\u00e9n\u00e9ficiaire sur son ch\u00e8que-cadeau et peut \u00eatre utilis\u00e9 pour des commandes ult\u00e9rieures. Le b\u00e9n\u00e9ficiaire du ch\u00e8que-cadeau peut consulter le solde actuel \u00e0 tout moment dans notre section INFO, sous \u00ab\u00a0Cr\u00e9dit Ch\u00e8que-Cadeau\u00a0\u00bb.    <\/p>\n<p>Les ch\u00e8ques-cadeaux sont valables 3 ans \u00e0 compter de la date d&rsquo;envoi.<\/p>\n","protected":false},"excerpt":{"rendered":"<p>Ch\u00e8que cadeau &#8211; Email Vous choisissez le montant de votre ch\u00e8que-cadeau entre CHF 20, CHF 50, CHF 100 ou CHF 150 et laissez l&rsquo;adresse e-mail du destinataire, le nom du destinataire et votre message de bienvenue. Nous vous enverrons votre ch\u00e8que-cadeau directement \u00e0 l&rsquo;adresse e-mail indiqu\u00e9e. Vous recevrez une confirmation [&hellip;]<\/p>\n","protected":false},"featured_media":6790,"template":"","meta":[],"product_brand":[],"product_cat":[257],"product_tag":[239],"class_list":{"0":"post-7278","1":"product","2":"type-product","3":"status-publish","4":"has-post-thumbnail","6":"product_cat-cheque-cadeau","7":"product_tag-coupon-fr","8":"product_shipping_class-cheque-cadeau","10":"first","11":"instock","12":"taxable","13":"shipping-taxable","14":"purchasable","15":"product-type-wgm_gift_card"},"aioseo_notices":[],"_links":{"self":[{"href":"https:\/\/petalane.ch\/fr\/wp-json\/wp\/v2\/product\/7278","targetHints":{"allow":["GET"]}}],"collection":[{"href":"https:\/\/petalane.ch\/fr\/wp-json\/wp\/v2\/product"}],"about":[{"href":"https:\/\/petalane.ch\/fr\/wp-json\/wp\/v2\/types\/product"}],"wp:featuredmedia":[{"embeddable":true,"href":"https:\/\/petalane.ch\/fr\/wp-json\/wp\/v2\/media\/6790"}],"wp:attachment":[{"href":"https:\/\/petalane.ch\/fr\/wp-json\/wp\/v2\/media?parent=7278"}],"wp:term":[{"taxonomy":"product_brand","embeddable":true,"href":"https:\/\/petalane.ch\/fr\/wp-json\/wp\/v2\/product_brand?post=7278"},{"taxonomy":"product_cat","embeddable":true,"href":"https:\/\/petalane.ch\/fr\/wp-json\/wp\/v2\/product_cat?post=7278"},{"taxonomy":"product_tag","embeddable":true,"href":"https:\/\/petalane.ch\/fr\/wp-json\/wp\/v2\/product_tag?post=7278"}],"curies":[{"name":"wp","href":"https:\/\/api.w.org\/{rel}","templated":true}]}}